

{"id":23395,"date":"2016-09-14T11:11:37","date_gmt":"2016-09-14T09:11:37","guid":{"rendered":"http:\/\/ricom-web.com\/gestions-hospitalieres\/?page_id=23395"},"modified":"2024-12-19T14:45:36","modified_gmt":"2024-12-19T13:45:36","slug":"la-revue","status":"publish","type":"page","link":"https:\/\/www.ricom-web8.com\/gestions\/la-revue\/","title":{"rendered":"La revue"},"content":{"rendered":"<h2>Fondateurs<\/h2>\n<p>Henri Terraillon<br \/>\n<strong><span style=\"color: #36628a;\"><em>Directeur honoraire des h\u00f4pitaux<\/em><\/span><\/strong><br \/>\nPierre Laloue<\/p>\n<h2>Direction de la r\u00e9daction<\/h2>\n<p><a href=\"mailto:j-m.budet@gestions-hospitalieres.fr\" target=\"_blank\" rel=\"noopener noreferrer\">Jean-Michel Budet<\/a><br \/>\n<strong><span style=\"color: #36628a;\"><em>Directeur de la r\u00e9daction<\/em><\/span><\/strong><\/p>\n<p><a href=\"mailto:c.got@gestions-hospitalieres.fr\" target=\"_blank\" rel=\"noopener noreferrer\">Christophe Got<\/a><br \/>\n<a href=\"mailto:p.demontalembert@gestions-hospitalieres.fr\" target=\"_blank\" rel=\"noopener noreferrer\">Pierre de Montalembert<\/a><br \/>\n<a href=\"mailto:f.spinhirny@gestions-hospitalieres.fr\" target=\"_blank\" rel=\"noopener noreferrer\">Fr\u00e9d\u00e9ric Spinhirny<br \/>\n<\/a><strong><span style=\"color: #36628a;\"><em>R\u00e9dacteurs en chef<\/em><\/span><\/strong><\/p>\n<h2>Directeur de publication, g\u00e9rant<\/h2>\n<p>Nicolas Berndt<\/p>\n<h2>Comit\u00e9 de r\u00e9daction<\/h2>\n<p>Florence Baguet, Jeanne Bertrand, Laurent Bourgeon, Rudy Chouvel, Jean-Yves Copin, Julie Delaitre, Aur\u00e9lien Delas, Am\u00e9lie Jean, Vincent Leroux, Jean-Pierre Nordmann, Jeanne Philippe et Nicolas Salvi.<\/p>\n<h2>Avec la participation de\u2008:<\/h2>\n<p>Fr\u00e9d\u00e9ric Boiron, Marie Bonnet, Jean-R\u00e9mi Bitaud, Yann Bubien, Philippe El Sa\u00efr, Andr\u00e9 Lestienne, Louis Omnes, St\u00e9phane Pardoux, Jean Riondet et Herv\u00e9 Tanguy.<\/p>\n<h2>R\u00e9daction<\/h2>\n<p><a href=\"mailto:redaction@gestions-hospitalieres.fr\">Ombline Gazeau<\/a><\/p>\n<h2>Abonnements<\/h2>\n<p><a href=\"mailto:abonnement@gestions-hospitalieres.fr\" target=\"_blank\" rel=\"noopener noreferrer\">V\u00e9ronique M\u00e9nez<\/a><\/p>\n<h2>Maquette<\/h2>\n<p><a href=\"mailto:c.marvanne@heral-pub.fr\">Claire Marvanne<\/a><\/p>\n<h2>Publicit\u00e9<\/h2>\n<p><a href=\"mailto:l.chermain@heral-pub.fr\" target=\"_blank\" rel=\"noopener noreferrer\">Laurence Chermain<\/a><\/p>\n<h2>Communication digitale<\/h2>\n<p><a href=\"mailto:b.noulet@heral-pub.fr\" target=\"_blank\" rel=\"noopener noreferrer\">Benjamin Noulet<\/a><\/p>\n<h2>Site Internet<\/h2>\n<p><a href=\"mailto:a.bayard@heral-pub.fr\" target=\"_blank\" rel=\"noopener\">Auriane Bayard<\/a><\/p>\n<script>function PlayerjsAsync(){} if(window[\"Playerjs\"]){PlayerjsAsync();}<\/script>","protected":false},"excerpt":{"rendered":"<p>Fondateurs Henri Terraillon Directeur honoraire des h\u00f4pitaux Pierre Laloue Direction de la r\u00e9daction Jean-Michel Budet Directeur de la r\u00e9daction Christophe Got Pierre de Montalembert Fr\u00e9d\u00e9ric Spinhirny R\u00e9dacteurs en chef Directeur de publication, g\u00e9rant Nicolas Berndt Comit\u00e9 de r\u00e9daction Florence Baguet, Jeanne Bertrand, Laurent Bourgeon, Rudy Chouvel, Jean-Yves Copin, Julie Delaitre, Aur\u00e9lien Delas, Am\u00e9lie Jean, Vincent Leroux, Jean-Pierre Nordmann, Jeanne Philippe et Nicolas Salvi. Avec la participation de\u2008: Fr\u00e9d\u00e9ric Boiron, Marie&hellip; <\/p>\n","protected":false},"author":1202,"featured_media":0,"parent":0,"menu_order":0,"comment_status":"closed","ping_status":"closed","template":"","meta":{"_acf_changed":false,"_relevanssi_hide_post":"","_relevanssi_hide_content":"","_relevanssi_pin_for_all":"","_relevanssi_pin_keywords":"","_relevanssi_unpin_keywords":"","_relevanssi_related_keywords":"","_relevanssi_related_include_ids":"","_relevanssi_related_exclude_ids":"","_relevanssi_related_no_append":"","_relevanssi_related_not_related":"","_relevanssi_related_posts":"","_relevanssi_noindex_reason":"","footnotes":""},"class_list":["post-23395","page","type-page","status-publish","hentry"],"acf":[],"yoast_head":"<!-- This site is optimized with the Yoast SEO plugin v24.8.1 - https:\/\/yoast.com\/wordpress\/plugins\/seo\/ -->\n<title>La revue - Gestions hospitali\u00e8res<\/title>\n<meta name=\"robots\" content=\"index, follow, max-snippet:-1, max-image-preview:large, max-video-preview:-1\" \/>\n<link rel=\"canonical\" href=\"https:\/\/www.ricom-web8.com\/gestions\/la-revue\/\" \/>\n<meta property=\"og:locale\" content=\"fr_FR\" \/>\n<meta property=\"og:type\" content=\"article\" \/>\n<meta property=\"og:title\" content=\"La revue - Gestions hospitali\u00e8res\" \/>\n<meta property=\"og:description\" content=\"Fondateurs Henri Terraillon Directeur honoraire des h\u00f4pitaux Pierre Laloue Direction de la r\u00e9daction Jean-Michel Budet Directeur de la r\u00e9daction Christophe Got Pierre de Montalembert Fr\u00e9d\u00e9ric Spinhirny R\u00e9dacteurs en chef Directeur de publication, g\u00e9rant Nicolas Berndt Comit\u00e9 de r\u00e9daction Florence Baguet, Jeanne Bertrand, Laurent Bourgeon, Rudy Chouvel, Jean-Yves Copin, Julie Delaitre, Aur\u00e9lien Delas, Am\u00e9lie Jean, Vincent Leroux, Jean-Pierre Nordmann, Jeanne Philippe et Nicolas Salvi. Avec la participation de\u2008: Fr\u00e9d\u00e9ric Boiron, Marie&hellip;\" \/>\n<meta property=\"og:url\" content=\"https:\/\/www.ricom-web8.com\/gestions\/la-revue\/\" \/>\n<meta property=\"og:site_name\" content=\"Gestions hospitali\u00e8res\" \/>\n<meta property=\"article:publisher\" content=\"https:\/\/www.facebook.com\/gestionshospitalieres\/\" \/>\n<meta property=\"article:modified_time\" content=\"2024-12-19T13:45:36+00:00\" \/>\n<meta name=\"twitter:card\" content=\"summary_large_image\" \/>\n<meta name=\"twitter:site\" content=\"@revue_GH\" \/>\n<meta name=\"twitter:label1\" content=\"Dur\u00e9e de lecture estim\u00e9e\" \/>\n\t<meta name=\"twitter:data1\" content=\"1 minute\" \/>\n<script type=\"application\/ld+json\" class=\"yoast-schema-graph\">{\"@context\":\"https:\/\/schema.org\",\"@graph\":[{\"@type\":\"WebPage\",\"@id\":\"https:\/\/www.ricom-web8.com\/gestions\/la-revue\/\",\"url\":\"https:\/\/www.ricom-web8.com\/gestions\/la-revue\/\",\"name\":\"La revue - Gestions hospitali\u00e8res\",\"isPartOf\":{\"@id\":\"https:\/\/www.ricom-web8.com\/gestions\/#website\"},\"datePublished\":\"2016-09-14T09:11:37+00:00\",\"dateModified\":\"2024-12-19T13:45:36+00:00\",\"breadcrumb\":{\"@id\":\"https:\/\/www.ricom-web8.com\/gestions\/la-revue\/#breadcrumb\"},\"inLanguage\":\"fr-FR\",\"potentialAction\":[{\"@type\":\"ReadAction\",\"target\":[\"https:\/\/www.ricom-web8.com\/gestions\/la-revue\/\"]}]},{\"@type\":\"BreadcrumbList\",\"@id\":\"https:\/\/www.ricom-web8.com\/gestions\/la-revue\/#breadcrumb\",\"itemListElement\":[{\"@type\":\"ListItem\",\"position\":1,\"name\":\"Accueil\",\"item\":\"https:\/\/www.ricom-web8.com\/gestions\/\"},{\"@type\":\"ListItem\",\"position\":2,\"name\":\"La revue\"}]},{\"@type\":\"WebSite\",\"@id\":\"https:\/\/www.ricom-web8.com\/gestions\/#website\",\"url\":\"https:\/\/www.ricom-web8.com\/gestions\/\",\"name\":\"Gestions hospitali\u00e8res\",\"description\":\"la revue des d\u00e9cideurs hospitaliers\",\"publisher\":{\"@id\":\"https:\/\/www.ricom-web8.com\/gestions\/#organization\"},\"potentialAction\":[{\"@type\":\"SearchAction\",\"target\":{\"@type\":\"EntryPoint\",\"urlTemplate\":\"https:\/\/www.ricom-web8.com\/gestions\/?s={search_term_string}\"},\"query-input\":{\"@type\":\"PropertyValueSpecification\",\"valueRequired\":true,\"valueName\":\"search_term_string\"}}],\"inLanguage\":\"fr-FR\"},{\"@type\":\"Organization\",\"@id\":\"https:\/\/www.ricom-web8.com\/gestions\/#organization\",\"name\":\"Gestions hospitali\u00e8res\",\"url\":\"https:\/\/www.ricom-web8.com\/gestions\/\",\"logo\":{\"@type\":\"ImageObject\",\"inLanguage\":\"fr-FR\",\"@id\":\"https:\/\/www.ricom-web8.com\/gestions\/#\/schema\/logo\/image\/\",\"url\":\"https:\/\/gestions-hospitalieres.fr\/wp-content\/uploads\/2017\/02\/picto_Gif-GH-trans.png\",\"contentUrl\":\"https:\/\/gestions-hospitalieres.fr\/wp-content\/uploads\/2017\/02\/picto_Gif-GH-trans.png\",\"width\":512,\"height\":512,\"caption\":\"Gestions hospitali\u00e8res\"},\"image\":{\"@id\":\"https:\/\/www.ricom-web8.com\/gestions\/#\/schema\/logo\/image\/\"},\"sameAs\":[\"https:\/\/www.facebook.com\/gestionshospitalieres\/\",\"https:\/\/x.com\/revue_GH\",\"https:\/\/www.linkedin.com\/company\/gestions-hospitalieres?trk=top_nav_home\"]}]}<\/script>\n<!-- \/ Yoast SEO plugin. -->","yoast_head_json":{"title":"La revue - Gestions hospitali\u00e8res","robots":{"index":"index","follow":"follow","max-snippet":"max-snippet:-1","max-image-preview":"max-image-preview:large","max-video-preview":"max-video-preview:-1"},"canonical":"https:\/\/www.ricom-web8.com\/gestions\/la-revue\/","og_locale":"fr_FR","og_type":"article","og_title":"La revue - Gestions hospitali\u00e8res","og_description":"Fondateurs Henri Terraillon Directeur honoraire des h\u00f4pitaux Pierre Laloue Direction de la r\u00e9daction Jean-Michel Budet Directeur de la r\u00e9daction Christophe Got Pierre de Montalembert Fr\u00e9d\u00e9ric Spinhirny R\u00e9dacteurs en chef Directeur de publication, g\u00e9rant Nicolas Berndt Comit\u00e9 de r\u00e9daction Florence Baguet, Jeanne Bertrand, Laurent Bourgeon, Rudy Chouvel, Jean-Yves Copin, Julie Delaitre, Aur\u00e9lien Delas, Am\u00e9lie Jean, Vincent Leroux, Jean-Pierre Nordmann, Jeanne Philippe et Nicolas Salvi. Avec la participation de\u2008: Fr\u00e9d\u00e9ric Boiron, Marie&hellip;","og_url":"https:\/\/www.ricom-web8.com\/gestions\/la-revue\/","og_site_name":"Gestions hospitali\u00e8res","article_publisher":"https:\/\/www.facebook.com\/gestionshospitalieres\/","article_modified_time":"2024-12-19T13:45:36+00:00","twitter_card":"summary_large_image","twitter_site":"@revue_GH","twitter_misc":{"Dur\u00e9e de lecture estim\u00e9e":"1 minute"},"schema":{"@context":"https:\/\/schema.org","@graph":[{"@type":"WebPage","@id":"https:\/\/www.ricom-web8.com\/gestions\/la-revue\/","url":"https:\/\/www.ricom-web8.com\/gestions\/la-revue\/","name":"La revue - Gestions hospitali\u00e8res","isPartOf":{"@id":"https:\/\/www.ricom-web8.com\/gestions\/#website"},"datePublished":"2016-09-14T09:11:37+00:00","dateModified":"2024-12-19T13:45:36+00:00","breadcrumb":{"@id":"https:\/\/www.ricom-web8.com\/gestions\/la-revue\/#breadcrumb"},"inLanguage":"fr-FR","potentialAction":[{"@type":"ReadAction","target":["https:\/\/www.ricom-web8.com\/gestions\/la-revue\/"]}]},{"@type":"BreadcrumbList","@id":"https:\/\/www.ricom-web8.com\/gestions\/la-revue\/#breadcrumb","itemListElement":[{"@type":"ListItem","position":1,"name":"Accueil","item":"https:\/\/www.ricom-web8.com\/gestions\/"},{"@type":"ListItem","position":2,"name":"La revue"}]},{"@type":"WebSite","@id":"https:\/\/www.ricom-web8.com\/gestions\/#website","url":"https:\/\/www.ricom-web8.com\/gestions\/","name":"Gestions hospitali\u00e8res","description":"la revue des d\u00e9cideurs hospitaliers","publisher":{"@id":"https:\/\/www.ricom-web8.com\/gestions\/#organization"},"potentialAction":[{"@type":"SearchAction","target":{"@type":"EntryPoint","urlTemplate":"https:\/\/www.ricom-web8.com\/gestions\/?s={search_term_string}"},"query-input":{"@type":"PropertyValueSpecification","valueRequired":true,"valueName":"search_term_string"}}],"inLanguage":"fr-FR"},{"@type":"Organization","@id":"https:\/\/www.ricom-web8.com\/gestions\/#organization","name":"Gestions hospitali\u00e8res","url":"https:\/\/www.ricom-web8.com\/gestions\/","logo":{"@type":"ImageObject","inLanguage":"fr-FR","@id":"https:\/\/www.ricom-web8.com\/gestions\/#\/schema\/logo\/image\/","url":"https:\/\/gestions-hospitalieres.fr\/wp-content\/uploads\/2017\/02\/picto_Gif-GH-trans.png","contentUrl":"https:\/\/gestions-hospitalieres.fr\/wp-content\/uploads\/2017\/02\/picto_Gif-GH-trans.png","width":512,"height":512,"caption":"Gestions hospitali\u00e8res"},"image":{"@id":"https:\/\/www.ricom-web8.com\/gestions\/#\/schema\/logo\/image\/"},"sameAs":["https:\/\/www.facebook.com\/gestionshospitalieres\/","https:\/\/x.com\/revue_GH","https:\/\/www.linkedin.com\/company\/gestions-hospitalieres?trk=top_nav_home"]}]}},"_links":{"self":[{"href":"https:\/\/www.ricom-web8.com\/gestions\/wp-json\/wp\/v2\/pages\/23395","targetHints":{"allow":["GET"]}}],"collection":[{"href":"https:\/\/www.ricom-web8.com\/gestions\/wp-json\/wp\/v2\/pages"}],"about":[{"href":"https:\/\/www.ricom-web8.com\/gestions\/wp-json\/wp\/v2\/types\/page"}],"author":[{"embeddable":true,"href":"https:\/\/www.ricom-web8.com\/gestions\/wp-json\/wp\/v2\/users\/1202"}],"replies":[{"embeddable":true,"href":"https:\/\/www.ricom-web8.com\/gestions\/wp-json\/wp\/v2\/comments?post=23395"}],"version-history":[{"count":3,"href":"https:\/\/www.ricom-web8.com\/gestions\/wp-json\/wp\/v2\/pages\/23395\/revisions"}],"predecessor-version":[{"id":49123,"href":"https:\/\/www.ricom-web8.com\/gestions\/wp-json\/wp\/v2\/pages\/23395\/revisions\/49123"}],"wp:attachment":[{"href":"https:\/\/www.ricom-web8.com\/gestions\/wp-json\/wp\/v2\/media?parent=23395"}],"curies":[{"name":"wp","href":"https:\/\/api.w.org\/{rel}","templated":true}]}}