

{"id":23399,"date":"2016-09-14T11:12:17","date_gmt":"2016-09-14T09:12:17","guid":{"rendered":"http:\/\/ricom-web.com\/gestions-hospitalieres\/?page_id=23399"},"modified":"2023-05-02T11:39:55","modified_gmt":"2023-05-02T09:39:55","slug":"recommandations-auteurs","status":"publish","type":"page","link":"https:\/\/www.ricom-web8.com\/gestions\/recommandations-auteurs\/","title":{"rendered":"Auteurs"},"content":{"rendered":"<h1>Recommandations aux auteurs<\/h1>\n<p>La revue <em>Gestions hospitali\u00e8res<\/em> ouvre ses colonnes aux auteurs d\u00e9sireux de faire publier tout article concernant les questions de sant\u00e9, d\u2019organisation, de gestion et de technologie des \u00e9tablissements hospitaliers, l\u2019organisation de l\u2019offre de soins, la sant\u00e9 publique, l\u2019exercice des professionnels, la qualit\u00e9 des soins\u2026 Les auteurs font parvenir leur texte en exclusivit\u00e9. Les articles sont soumis au comit\u00e9 de lecture qui juge de l\u2019opportunit\u00e9 d\u2019une publication. La r\u00e9daction se r\u00e9serve le droit de modifier la pr\u00e9sentation g\u00e9n\u00e9rale et de sugg\u00e9rer des modifications. Une \u00e9preuve de relecture est envoy\u00e9e aux auteurs avant publication.<\/p>\n<ul>\n<li>Le texte doit \u00eatre envoy\u00e9\u200a par mail sous format Word au directeur de la r\u00e9daction et au secr\u00e9tariat de r\u00e9daction. Les auteurs doivent indiquer leurs fonction, adresse postale, num\u00e9ro de t\u00e9l\u00e9phone et mail.<\/li>\n<li>L\u2019article ne doit pas d\u00e9passer 18 000 \/ 20 000 signes espaces compris (Outils\u00a0&gt; Statistiques) et doit \u00eatre divis\u00e9 clairement par des sous-titres brefs. Les pages doivent \u00eatre num\u00e9rot\u00e9es.<\/li>\n<li>Des encadr\u00e9s, des tableaux, des graphiques et des notes de bas de page peuvent \u00eatre inclus en nombre limit\u00e9.<\/li>\n<li>Chaque manuscrit doit \u00eatre accompagn\u00e9 d\u2019une introduction d\u2019environ dix lignes et de mots cl\u00e9s.<\/li>\n<\/ul>\n<p>Les articles publi\u00e9s seront mis en ligne sur le site Internet de la revue.<\/p>\n<p style=\"text-align: left;\"><strong>Contacts<br \/>\n<\/strong>Jean-Michel Budet, directeur de la r\u00e9daction<br \/>\n<strong><a href=\"mailto:j-m.budet@gestions-hospitalieres.fr\" target=\"_blank\" rel=\"noopener noreferrer\">j-m.budet@gestions-hospitalieres.fr<\/a><\/strong><br \/>\nOmbline Gazeau, secr\u00e9tariat de r\u00e9daction<br \/>\n<strong><a href=\"mailto:redaction@gestions-hospitalieres.fr\" target=\"_blank\" rel=\"noopener noreferrer\">redaction@gestions-hospitalieres.fr<\/a><\/strong><\/p>\n<script>function PlayerjsAsync(){} if(window[\"Playerjs\"]){PlayerjsAsync();}<\/script>","protected":false},"excerpt":{"rendered":"<p>Recommandations aux auteurs La revue Gestions hospitali\u00e8res ouvre ses colonnes aux auteurs d\u00e9sireux de faire publier tout article concernant les questions de sant\u00e9, d\u2019organisation, de gestion et de technologie des \u00e9tablissements hospitaliers, l\u2019organisation de l\u2019offre de soins, la sant\u00e9 publique, l\u2019exercice des professionnels, la qualit\u00e9 des soins\u2026 Les auteurs font parvenir leur texte en exclusivit\u00e9. Les articles sont soumis au comit\u00e9 de lecture qui juge de l\u2019opportunit\u00e9 d\u2019une publication. La&hellip; <\/p>\n","protected":false},"author":1202,"featured_media":0,"parent":0,"menu_order":0,"comment_status":"closed","ping_status":"closed","template":"","meta":{"_acf_changed":false,"_relevanssi_hide_post":"","_relevanssi_hide_content":"","_relevanssi_pin_for_all":"","_relevanssi_pin_keywords":"","_relevanssi_unpin_keywords":"","_relevanssi_related_keywords":"","_relevanssi_related_include_ids":"","_relevanssi_related_exclude_ids":"","_relevanssi_related_no_append":"","_relevanssi_related_not_related":"","_relevanssi_related_posts":"","_relevanssi_noindex_reason":"","footnotes":""},"class_list":["post-23399","page","type-page","status-publish","hentry"],"acf":[],"yoast_head":"<!-- This site is optimized with the Yoast SEO plugin v24.8.1 - https:\/\/yoast.com\/wordpress\/plugins\/seo\/ -->\n<title>Auteurs - Gestions hospitali\u00e8res<\/title>\n<meta name=\"robots\" content=\"index, follow, max-snippet:-1, max-image-preview:large, max-video-preview:-1\" \/>\n<link rel=\"canonical\" href=\"https:\/\/www.ricom-web8.com\/gestions\/recommandations-auteurs\/\" \/>\n<meta property=\"og:locale\" content=\"fr_FR\" \/>\n<meta property=\"og:type\" content=\"article\" \/>\n<meta property=\"og:title\" content=\"Auteurs - Gestions hospitali\u00e8res\" \/>\n<meta property=\"og:description\" content=\"Recommandations aux auteurs La revue Gestions hospitali\u00e8res ouvre ses colonnes aux auteurs d\u00e9sireux de faire publier tout article concernant les questions de sant\u00e9, d\u2019organisation, de gestion et de technologie des \u00e9tablissements hospitaliers, l\u2019organisation de l\u2019offre de soins, la sant\u00e9 publique, l\u2019exercice des professionnels, la qualit\u00e9 des soins\u2026 Les auteurs font parvenir leur texte en exclusivit\u00e9. Les articles sont soumis au comit\u00e9 de lecture qui juge de l\u2019opportunit\u00e9 d\u2019une publication. La&hellip;\" \/>\n<meta property=\"og:url\" content=\"https:\/\/www.ricom-web8.com\/gestions\/recommandations-auteurs\/\" \/>\n<meta property=\"og:site_name\" content=\"Gestions hospitali\u00e8res\" \/>\n<meta property=\"article:publisher\" content=\"https:\/\/www.facebook.com\/gestionshospitalieres\/\" \/>\n<meta property=\"article:modified_time\" content=\"2023-05-02T09:39:55+00:00\" \/>\n<meta name=\"twitter:card\" content=\"summary_large_image\" \/>\n<meta name=\"twitter:site\" content=\"@revue_GH\" \/>\n<meta name=\"twitter:label1\" content=\"Dur\u00e9e de lecture estim\u00e9e\" \/>\n\t<meta name=\"twitter:data1\" content=\"2 minutes\" \/>\n<script type=\"application\/ld+json\" class=\"yoast-schema-graph\">{\"@context\":\"https:\/\/schema.org\",\"@graph\":[{\"@type\":\"WebPage\",\"@id\":\"https:\/\/www.ricom-web8.com\/gestions\/recommandations-auteurs\/\",\"url\":\"https:\/\/www.ricom-web8.com\/gestions\/recommandations-auteurs\/\",\"name\":\"Auteurs - Gestions hospitali\u00e8res\",\"isPartOf\":{\"@id\":\"https:\/\/www.ricom-web8.com\/gestions\/#website\"},\"datePublished\":\"2016-09-14T09:12:17+00:00\",\"dateModified\":\"2023-05-02T09:39:55+00:00\",\"breadcrumb\":{\"@id\":\"https:\/\/www.ricom-web8.com\/gestions\/recommandations-auteurs\/#breadcrumb\"},\"inLanguage\":\"fr-FR\",\"potentialAction\":[{\"@type\":\"ReadAction\",\"target\":[\"https:\/\/www.ricom-web8.com\/gestions\/recommandations-auteurs\/\"]}]},{\"@type\":\"BreadcrumbList\",\"@id\":\"https:\/\/www.ricom-web8.com\/gestions\/recommandations-auteurs\/#breadcrumb\",\"itemListElement\":[{\"@type\":\"ListItem\",\"position\":1,\"name\":\"Accueil\",\"item\":\"https:\/\/www.ricom-web8.com\/gestions\/\"},{\"@type\":\"ListItem\",\"position\":2,\"name\":\"Auteurs\"}]},{\"@type\":\"WebSite\",\"@id\":\"https:\/\/www.ricom-web8.com\/gestions\/#website\",\"url\":\"https:\/\/www.ricom-web8.com\/gestions\/\",\"name\":\"Gestions hospitali\u00e8res\",\"description\":\"la revue des d\u00e9cideurs hospitaliers\",\"publisher\":{\"@id\":\"https:\/\/www.ricom-web8.com\/gestions\/#organization\"},\"potentialAction\":[{\"@type\":\"SearchAction\",\"target\":{\"@type\":\"EntryPoint\",\"urlTemplate\":\"https:\/\/www.ricom-web8.com\/gestions\/?s={search_term_string}\"},\"query-input\":{\"@type\":\"PropertyValueSpecification\",\"valueRequired\":true,\"valueName\":\"search_term_string\"}}],\"inLanguage\":\"fr-FR\"},{\"@type\":\"Organization\",\"@id\":\"https:\/\/www.ricom-web8.com\/gestions\/#organization\",\"name\":\"Gestions hospitali\u00e8res\",\"url\":\"https:\/\/www.ricom-web8.com\/gestions\/\",\"logo\":{\"@type\":\"ImageObject\",\"inLanguage\":\"fr-FR\",\"@id\":\"https:\/\/www.ricom-web8.com\/gestions\/#\/schema\/logo\/image\/\",\"url\":\"https:\/\/gestions-hospitalieres.fr\/wp-content\/uploads\/2017\/02\/picto_Gif-GH-trans.png\",\"contentUrl\":\"https:\/\/gestions-hospitalieres.fr\/wp-content\/uploads\/2017\/02\/picto_Gif-GH-trans.png\",\"width\":512,\"height\":512,\"caption\":\"Gestions hospitali\u00e8res\"},\"image\":{\"@id\":\"https:\/\/www.ricom-web8.com\/gestions\/#\/schema\/logo\/image\/\"},\"sameAs\":[\"https:\/\/www.facebook.com\/gestionshospitalieres\/\",\"https:\/\/x.com\/revue_GH\",\"https:\/\/www.linkedin.com\/company\/gestions-hospitalieres?trk=top_nav_home\"]}]}<\/script>\n<!-- \/ Yoast SEO plugin. -->","yoast_head_json":{"title":"Auteurs - Gestions hospitali\u00e8res","robots":{"index":"index","follow":"follow","max-snippet":"max-snippet:-1","max-image-preview":"max-image-preview:large","max-video-preview":"max-video-preview:-1"},"canonical":"https:\/\/www.ricom-web8.com\/gestions\/recommandations-auteurs\/","og_locale":"fr_FR","og_type":"article","og_title":"Auteurs - Gestions hospitali\u00e8res","og_description":"Recommandations aux auteurs La revue Gestions hospitali\u00e8res ouvre ses colonnes aux auteurs d\u00e9sireux de faire publier tout article concernant les questions de sant\u00e9, d\u2019organisation, de gestion et de technologie des \u00e9tablissements hospitaliers, l\u2019organisation de l\u2019offre de soins, la sant\u00e9 publique, l\u2019exercice des professionnels, la qualit\u00e9 des soins\u2026 Les auteurs font parvenir leur texte en exclusivit\u00e9. Les articles sont soumis au comit\u00e9 de lecture qui juge de l\u2019opportunit\u00e9 d\u2019une publication. La&hellip;","og_url":"https:\/\/www.ricom-web8.com\/gestions\/recommandations-auteurs\/","og_site_name":"Gestions hospitali\u00e8res","article_publisher":"https:\/\/www.facebook.com\/gestionshospitalieres\/","article_modified_time":"2023-05-02T09:39:55+00:00","twitter_card":"summary_large_image","twitter_site":"@revue_GH","twitter_misc":{"Dur\u00e9e de lecture estim\u00e9e":"2 minutes"},"schema":{"@context":"https:\/\/schema.org","@graph":[{"@type":"WebPage","@id":"https:\/\/www.ricom-web8.com\/gestions\/recommandations-auteurs\/","url":"https:\/\/www.ricom-web8.com\/gestions\/recommandations-auteurs\/","name":"Auteurs - Gestions hospitali\u00e8res","isPartOf":{"@id":"https:\/\/www.ricom-web8.com\/gestions\/#website"},"datePublished":"2016-09-14T09:12:17+00:00","dateModified":"2023-05-02T09:39:55+00:00","breadcrumb":{"@id":"https:\/\/www.ricom-web8.com\/gestions\/recommandations-auteurs\/#breadcrumb"},"inLanguage":"fr-FR","potentialAction":[{"@type":"ReadAction","target":["https:\/\/www.ricom-web8.com\/gestions\/recommandations-auteurs\/"]}]},{"@type":"BreadcrumbList","@id":"https:\/\/www.ricom-web8.com\/gestions\/recommandations-auteurs\/#breadcrumb","itemListElement":[{"@type":"ListItem","position":1,"name":"Accueil","item":"https:\/\/www.ricom-web8.com\/gestions\/"},{"@type":"ListItem","position":2,"name":"Auteurs"}]},{"@type":"WebSite","@id":"https:\/\/www.ricom-web8.com\/gestions\/#website","url":"https:\/\/www.ricom-web8.com\/gestions\/","name":"Gestions hospitali\u00e8res","description":"la revue des d\u00e9cideurs hospitaliers","publisher":{"@id":"https:\/\/www.ricom-web8.com\/gestions\/#organization"},"potentialAction":[{"@type":"SearchAction","target":{"@type":"EntryPoint","urlTemplate":"https:\/\/www.ricom-web8.com\/gestions\/?s={search_term_string}"},"query-input":{"@type":"PropertyValueSpecification","valueRequired":true,"valueName":"search_term_string"}}],"inLanguage":"fr-FR"},{"@type":"Organization","@id":"https:\/\/www.ricom-web8.com\/gestions\/#organization","name":"Gestions hospitali\u00e8res","url":"https:\/\/www.ricom-web8.com\/gestions\/","logo":{"@type":"ImageObject","inLanguage":"fr-FR","@id":"https:\/\/www.ricom-web8.com\/gestions\/#\/schema\/logo\/image\/","url":"https:\/\/gestions-hospitalieres.fr\/wp-content\/uploads\/2017\/02\/picto_Gif-GH-trans.png","contentUrl":"https:\/\/gestions-hospitalieres.fr\/wp-content\/uploads\/2017\/02\/picto_Gif-GH-trans.png","width":512,"height":512,"caption":"Gestions hospitali\u00e8res"},"image":{"@id":"https:\/\/www.ricom-web8.com\/gestions\/#\/schema\/logo\/image\/"},"sameAs":["https:\/\/www.facebook.com\/gestionshospitalieres\/","https:\/\/x.com\/revue_GH","https:\/\/www.linkedin.com\/company\/gestions-hospitalieres?trk=top_nav_home"]}]}},"_links":{"self":[{"href":"https:\/\/www.ricom-web8.com\/gestions\/wp-json\/wp\/v2\/pages\/23399","targetHints":{"allow":["GET"]}}],"collection":[{"href":"https:\/\/www.ricom-web8.com\/gestions\/wp-json\/wp\/v2\/pages"}],"about":[{"href":"https:\/\/www.ricom-web8.com\/gestions\/wp-json\/wp\/v2\/types\/page"}],"author":[{"embeddable":true,"href":"https:\/\/www.ricom-web8.com\/gestions\/wp-json\/wp\/v2\/users\/1202"}],"replies":[{"embeddable":true,"href":"https:\/\/www.ricom-web8.com\/gestions\/wp-json\/wp\/v2\/comments?post=23399"}],"version-history":[{"count":0,"href":"https:\/\/www.ricom-web8.com\/gestions\/wp-json\/wp\/v2\/pages\/23399\/revisions"}],"wp:attachment":[{"href":"https:\/\/www.ricom-web8.com\/gestions\/wp-json\/wp\/v2\/media?parent=23399"}],"curies":[{"name":"wp","href":"https:\/\/api.w.org\/{rel}","templated":true}]}}