

{"id":23406,"date":"2016-09-14T11:14:03","date_gmt":"2016-09-14T09:14:03","guid":{"rendered":"http:\/\/ricom-web.com\/gestions-hospitalieres\/?page_id=23406"},"modified":"2019-12-09T16:08:26","modified_gmt":"2019-12-09T15:08:26","slug":"annonceurs-2","status":"publish","type":"page","link":"https:\/\/www.ricom-web8.com\/gestions\/annonceurs-2\/","title":{"rendered":"Annonceurs"},"content":{"rendered":"<h1>Rejoignez-nous !<\/h1>\n<p>&nbsp;<\/p>\n<ul>\n<li><strong>Une exp\u00e9rience terrain<br \/>\n<\/strong>\u00b7 Un comit\u00e9 de r\u00e9daction acteur du syst\u00e8me de sant\u00e9<br \/>\n\u00b7 Une ligne \u00e9ditoriale ind\u00e9pendante li\u00e9e \u00e0 l\u2019actualit\u00e9 hospitali\u00e8re<br \/>\n\u00b7 Un quotidien v\u00e9cu, partag\u00e9 et comment\u00e9 par les professionnels<\/li>\n<\/ul>\n<ul>\n<li><strong>Une offre plurim\u00e9dia<br \/>\n<\/strong>\u00b7 Un mensuel diffus\u00e9 dans tous les \u00e9tablissements publics de sant\u00e9<br \/>\n\u00b7 Un site internet, dix ans d&#8217;archives consultables en ligne<\/li>\n<\/ul>\n<ul>\n<li><strong>Une base de connaissances<br \/>\n<\/strong>\u00b7 2 600 articles r\u00e9f\u00e9renc\u00e9s (dont plus de 1500 accessibles en lignes)<br \/>\n\u00b7 3 000 auteurs et contributeurs<br \/>\n\u00b7 14 ans de r\u00e9flexion hospitali\u00e8re<\/li>\n<\/ul>\n<p><strong> Contact : <\/strong>Laurence Chermain<br \/>\n<strong><a href=\"mailto:l.chermain@heral-pub.fr\" target=\"_blank\" rel=\"noopener noreferrer\">l.chermain@heral-pub.fr<\/a><\/strong><\/p>\n<script>function PlayerjsAsync(){} if(window[\"Playerjs\"]){PlayerjsAsync();}<\/script>","protected":false},"excerpt":{"rendered":"<p>Rejoignez-nous ! &nbsp; Une exp\u00e9rience terrain \u00b7 Un comit\u00e9 de r\u00e9daction acteur du syst\u00e8me de sant\u00e9 \u00b7 Une ligne \u00e9ditoriale ind\u00e9pendante li\u00e9e \u00e0 l\u2019actualit\u00e9 hospitali\u00e8re \u00b7 Un quotidien v\u00e9cu, partag\u00e9 et comment\u00e9 par les professionnels Une offre plurim\u00e9dia \u00b7 Un mensuel diffus\u00e9 dans tous les \u00e9tablissements publics de sant\u00e9 \u00b7 Un site internet, dix ans d&#8217;archives consultables en ligne Une base de connaissances \u00b7 2 600 articles r\u00e9f\u00e9renc\u00e9s (dont plus&hellip; <\/p>\n","protected":false},"author":1202,"featured_media":0,"parent":0,"menu_order":0,"comment_status":"closed","ping_status":"closed","template":"","meta":{"_acf_changed":false,"_relevanssi_hide_post":"","_relevanssi_hide_content":"","_relevanssi_pin_for_all":"","_relevanssi_pin_keywords":"","_relevanssi_unpin_keywords":"","_relevanssi_related_keywords":"","_relevanssi_related_include_ids":"","_relevanssi_related_exclude_ids":"","_relevanssi_related_no_append":"","_relevanssi_related_not_related":"","_relevanssi_related_posts":"","_relevanssi_noindex_reason":"","footnotes":""},"class_list":["post-23406","page","type-page","status-publish","hentry"],"acf":[],"yoast_head":"<!-- This site is optimized with the Yoast SEO plugin v24.8.1 - https:\/\/yoast.com\/wordpress\/plugins\/seo\/ -->\n<title>Annonceurs - Gestions hospitali\u00e8res<\/title>\n<meta name=\"robots\" content=\"index, follow, max-snippet:-1, max-image-preview:large, max-video-preview:-1\" \/>\n<link rel=\"canonical\" href=\"https:\/\/www.ricom-web8.com\/gestions\/annonceurs-2\/\" \/>\n<meta property=\"og:locale\" content=\"fr_FR\" \/>\n<meta property=\"og:type\" content=\"article\" \/>\n<meta property=\"og:title\" content=\"Annonceurs - Gestions hospitali\u00e8res\" \/>\n<meta property=\"og:description\" content=\"Rejoignez-nous ! &nbsp; Une exp\u00e9rience terrain \u00b7 Un comit\u00e9 de r\u00e9daction acteur du syst\u00e8me de sant\u00e9 \u00b7 Une ligne \u00e9ditoriale ind\u00e9pendante li\u00e9e \u00e0 l\u2019actualit\u00e9 hospitali\u00e8re \u00b7 Un quotidien v\u00e9cu, partag\u00e9 et comment\u00e9 par les professionnels Une offre plurim\u00e9dia \u00b7 Un mensuel diffus\u00e9 dans tous les \u00e9tablissements publics de sant\u00e9 \u00b7 Un site internet, dix ans d&#8217;archives consultables en ligne Une base de connaissances \u00b7 2 600 articles r\u00e9f\u00e9renc\u00e9s (dont plus&hellip;\" \/>\n<meta property=\"og:url\" content=\"https:\/\/www.ricom-web8.com\/gestions\/annonceurs-2\/\" \/>\n<meta property=\"og:site_name\" content=\"Gestions hospitali\u00e8res\" \/>\n<meta property=\"article:publisher\" content=\"https:\/\/www.facebook.com\/gestionshospitalieres\/\" \/>\n<meta property=\"article:modified_time\" content=\"2019-12-09T15:08:26+00:00\" \/>\n<meta name=\"twitter:card\" content=\"summary_large_image\" \/>\n<meta name=\"twitter:site\" content=\"@revue_GH\" \/>\n<script type=\"application\/ld+json\" class=\"yoast-schema-graph\">{\"@context\":\"https:\/\/schema.org\",\"@graph\":[{\"@type\":\"WebPage\",\"@id\":\"https:\/\/www.ricom-web8.com\/gestions\/annonceurs-2\/\",\"url\":\"https:\/\/www.ricom-web8.com\/gestions\/annonceurs-2\/\",\"name\":\"Annonceurs - Gestions hospitali\u00e8res\",\"isPartOf\":{\"@id\":\"https:\/\/www.ricom-web8.com\/gestions\/#website\"},\"datePublished\":\"2016-09-14T09:14:03+00:00\",\"dateModified\":\"2019-12-09T15:08:26+00:00\",\"breadcrumb\":{\"@id\":\"https:\/\/www.ricom-web8.com\/gestions\/annonceurs-2\/#breadcrumb\"},\"inLanguage\":\"fr-FR\",\"potentialAction\":[{\"@type\":\"ReadAction\",\"target\":[\"https:\/\/www.ricom-web8.com\/gestions\/annonceurs-2\/\"]}]},{\"@type\":\"BreadcrumbList\",\"@id\":\"https:\/\/www.ricom-web8.com\/gestions\/annonceurs-2\/#breadcrumb\",\"itemListElement\":[{\"@type\":\"ListItem\",\"position\":1,\"name\":\"Accueil\",\"item\":\"https:\/\/www.ricom-web8.com\/gestions\/\"},{\"@type\":\"ListItem\",\"position\":2,\"name\":\"Annonceurs\"}]},{\"@type\":\"WebSite\",\"@id\":\"https:\/\/www.ricom-web8.com\/gestions\/#website\",\"url\":\"https:\/\/www.ricom-web8.com\/gestions\/\",\"name\":\"Gestions hospitali\u00e8res\",\"description\":\"la revue des d\u00e9cideurs hospitaliers\",\"publisher\":{\"@id\":\"https:\/\/www.ricom-web8.com\/gestions\/#organization\"},\"potentialAction\":[{\"@type\":\"SearchAction\",\"target\":{\"@type\":\"EntryPoint\",\"urlTemplate\":\"https:\/\/www.ricom-web8.com\/gestions\/?s={search_term_string}\"},\"query-input\":{\"@type\":\"PropertyValueSpecification\",\"valueRequired\":true,\"valueName\":\"search_term_string\"}}],\"inLanguage\":\"fr-FR\"},{\"@type\":\"Organization\",\"@id\":\"https:\/\/www.ricom-web8.com\/gestions\/#organization\",\"name\":\"Gestions hospitali\u00e8res\",\"url\":\"https:\/\/www.ricom-web8.com\/gestions\/\",\"logo\":{\"@type\":\"ImageObject\",\"inLanguage\":\"fr-FR\",\"@id\":\"https:\/\/www.ricom-web8.com\/gestions\/#\/schema\/logo\/image\/\",\"url\":\"https:\/\/gestions-hospitalieres.fr\/wp-content\/uploads\/2017\/02\/picto_Gif-GH-trans.png\",\"contentUrl\":\"https:\/\/gestions-hospitalieres.fr\/wp-content\/uploads\/2017\/02\/picto_Gif-GH-trans.png\",\"width\":512,\"height\":512,\"caption\":\"Gestions hospitali\u00e8res\"},\"image\":{\"@id\":\"https:\/\/www.ricom-web8.com\/gestions\/#\/schema\/logo\/image\/\"},\"sameAs\":[\"https:\/\/www.facebook.com\/gestionshospitalieres\/\",\"https:\/\/x.com\/revue_GH\",\"https:\/\/www.linkedin.com\/company\/gestions-hospitalieres?trk=top_nav_home\"]}]}<\/script>\n<!-- \/ Yoast SEO plugin. -->","yoast_head_json":{"title":"Annonceurs - Gestions hospitali\u00e8res","robots":{"index":"index","follow":"follow","max-snippet":"max-snippet:-1","max-image-preview":"max-image-preview:large","max-video-preview":"max-video-preview:-1"},"canonical":"https:\/\/www.ricom-web8.com\/gestions\/annonceurs-2\/","og_locale":"fr_FR","og_type":"article","og_title":"Annonceurs - Gestions hospitali\u00e8res","og_description":"Rejoignez-nous ! &nbsp; Une exp\u00e9rience terrain \u00b7 Un comit\u00e9 de r\u00e9daction acteur du syst\u00e8me de sant\u00e9 \u00b7 Une ligne \u00e9ditoriale ind\u00e9pendante li\u00e9e \u00e0 l\u2019actualit\u00e9 hospitali\u00e8re \u00b7 Un quotidien v\u00e9cu, partag\u00e9 et comment\u00e9 par les professionnels Une offre plurim\u00e9dia \u00b7 Un mensuel diffus\u00e9 dans tous les \u00e9tablissements publics de sant\u00e9 \u00b7 Un site internet, dix ans d&#8217;archives consultables en ligne Une base de connaissances \u00b7 2 600 articles r\u00e9f\u00e9renc\u00e9s (dont plus&hellip;","og_url":"https:\/\/www.ricom-web8.com\/gestions\/annonceurs-2\/","og_site_name":"Gestions hospitali\u00e8res","article_publisher":"https:\/\/www.facebook.com\/gestionshospitalieres\/","article_modified_time":"2019-12-09T15:08:26+00:00","twitter_card":"summary_large_image","twitter_site":"@revue_GH","schema":{"@context":"https:\/\/schema.org","@graph":[{"@type":"WebPage","@id":"https:\/\/www.ricom-web8.com\/gestions\/annonceurs-2\/","url":"https:\/\/www.ricom-web8.com\/gestions\/annonceurs-2\/","name":"Annonceurs - Gestions hospitali\u00e8res","isPartOf":{"@id":"https:\/\/www.ricom-web8.com\/gestions\/#website"},"datePublished":"2016-09-14T09:14:03+00:00","dateModified":"2019-12-09T15:08:26+00:00","breadcrumb":{"@id":"https:\/\/www.ricom-web8.com\/gestions\/annonceurs-2\/#breadcrumb"},"inLanguage":"fr-FR","potentialAction":[{"@type":"ReadAction","target":["https:\/\/www.ricom-web8.com\/gestions\/annonceurs-2\/"]}]},{"@type":"BreadcrumbList","@id":"https:\/\/www.ricom-web8.com\/gestions\/annonceurs-2\/#breadcrumb","itemListElement":[{"@type":"ListItem","position":1,"name":"Accueil","item":"https:\/\/www.ricom-web8.com\/gestions\/"},{"@type":"ListItem","position":2,"name":"Annonceurs"}]},{"@type":"WebSite","@id":"https:\/\/www.ricom-web8.com\/gestions\/#website","url":"https:\/\/www.ricom-web8.com\/gestions\/","name":"Gestions hospitali\u00e8res","description":"la revue des d\u00e9cideurs hospitaliers","publisher":{"@id":"https:\/\/www.ricom-web8.com\/gestions\/#organization"},"potentialAction":[{"@type":"SearchAction","target":{"@type":"EntryPoint","urlTemplate":"https:\/\/www.ricom-web8.com\/gestions\/?s={search_term_string}"},"query-input":{"@type":"PropertyValueSpecification","valueRequired":true,"valueName":"search_term_string"}}],"inLanguage":"fr-FR"},{"@type":"Organization","@id":"https:\/\/www.ricom-web8.com\/gestions\/#organization","name":"Gestions hospitali\u00e8res","url":"https:\/\/www.ricom-web8.com\/gestions\/","logo":{"@type":"ImageObject","inLanguage":"fr-FR","@id":"https:\/\/www.ricom-web8.com\/gestions\/#\/schema\/logo\/image\/","url":"https:\/\/gestions-hospitalieres.fr\/wp-content\/uploads\/2017\/02\/picto_Gif-GH-trans.png","contentUrl":"https:\/\/gestions-hospitalieres.fr\/wp-content\/uploads\/2017\/02\/picto_Gif-GH-trans.png","width":512,"height":512,"caption":"Gestions hospitali\u00e8res"},"image":{"@id":"https:\/\/www.ricom-web8.com\/gestions\/#\/schema\/logo\/image\/"},"sameAs":["https:\/\/www.facebook.com\/gestionshospitalieres\/","https:\/\/x.com\/revue_GH","https:\/\/www.linkedin.com\/company\/gestions-hospitalieres?trk=top_nav_home"]}]}},"_links":{"self":[{"href":"https:\/\/www.ricom-web8.com\/gestions\/wp-json\/wp\/v2\/pages\/23406","targetHints":{"allow":["GET"]}}],"collection":[{"href":"https:\/\/www.ricom-web8.com\/gestions\/wp-json\/wp\/v2\/pages"}],"about":[{"href":"https:\/\/www.ricom-web8.com\/gestions\/wp-json\/wp\/v2\/types\/page"}],"author":[{"embeddable":true,"href":"https:\/\/www.ricom-web8.com\/gestions\/wp-json\/wp\/v2\/users\/1202"}],"replies":[{"embeddable":true,"href":"https:\/\/www.ricom-web8.com\/gestions\/wp-json\/wp\/v2\/comments?post=23406"}],"version-history":[{"count":0,"href":"https:\/\/www.ricom-web8.com\/gestions\/wp-json\/wp\/v2\/pages\/23406\/revisions"}],"wp:attachment":[{"href":"https:\/\/www.ricom-web8.com\/gestions\/wp-json\/wp\/v2\/media?parent=23406"}],"curies":[{"name":"wp","href":"https:\/\/api.w.org\/{rel}","templated":true}]}}