

{"id":25813,"date":"2016-10-06T10:20:46","date_gmt":"2016-10-06T08:20:46","guid":{"rendered":"https:\/\/gestions-hospitalieres.fr\/register\/"},"modified":"2017-02-17T15:16:17","modified_gmt":"2017-02-17T14:16:17","slug":"register","status":"publish","type":"page","link":"https:\/\/www.ricom-web8.com\/gestions\/register\/","title":{"rendered":"Cr\u00e9ez votre compte"},"content":{"rendered":"\n<div class=\"um um-register um-25805\">\n\t<div class=\"um-form\" data-mode=\"register\">\n\t\t<form method=\"post\" action=\"\">\n\t\t\t<div class=\"um-row _um_row_1 \" style=\"margin: 0 0 30px 0;\"><div class=\"um-col-1\"><div  class=\"um-field um-field-block  um-field-block um-field-type_block\" data-key=\"um_block_25805_10\"><span style=\"color: #000000\"><strong>Les avantages de votre compte lecteur<\/strong><\/span>\r\n<ul>\r\n \t<li>acc\u00e9der aux articles ouverts (s\u00e9lectionn\u00e9s par la r\u00e9daction)<\/li>\r\n \t<li>acc\u00e9der aux actualit\u00e9s<\/li>\r\n \t<li>commenter les articles<\/li>\r\n \t<li>recevoir nos newsletters (un ou deux mails par mois)<\/li>\r\n<\/ul>\r\nPour acc\u00e9der \u00e0 l'int\u00e9gralit\u00e9 des contenus Gestions hospitali\u00e8res, <strong>pensez bien \u00e0 renseigner votre code abonn\u00e9<\/strong> dans la case pr\u00e9vue \u00e0 cet effet.\r\n\r\n<hr \/><\/div><\/div><div class=\"um-col-1\"><div  class=\"um-field um-field-block  um-field-block um-field-type_block\" data-key=\"um_block_25805_11\"><strong>Merci de remplir le formulaire d\u2019inscription ci-dessous<\/strong><\/div><div  id=\"um_field_25805_user_email\" class=\"um-field um-field-text  um-field-user_email um-field-text um-field-type_text\" data-key=\"user_email\"><div class=\"um-field-label\"><label for=\"user_email-25805\">Adresse e-mail (votre identifiant)<span class=\"um-req\" title=\"Obligatoire\">*<\/span><\/label><span class=\"um-tip um-tip-w\" title=\"Attention : cette adresse doit \u00eatre la m\u00eame que celle communiqu\u00e9e \u00e0 notre service abonnement\"><i class=\"um-icon-help-circled\"><\/i><\/span><div class=\"um-clear\"><\/div><\/div><div class=\"um-field-area\"><input  autocomplete=\"off\" class=\"um-form-field valid \" type=\"text\" name=\"user_email-25805\" id=\"user_email-25805\" value=\"\" placeholder=\"\" data-validate=\"unique_email\" data-key=\"user_email\"  aria-invalid=\"false\" \/>\n\n\t\t\t\t\t\t<\/div><\/div><div  id=\"um_field_25805_user_password\" class=\"um-field um-field-password  um-field-user_password um-field-password um-field-type_password\" data-key=\"user_password\"><div class=\"um-field-label\"><label for=\"user_password-25805\">Mot de passe<span class=\"um-req\" title=\"Obligatoire\">*<\/span><\/label><span class=\"um-tip um-tip-w\" title=\"Pour votre s\u00e9curit\u00e9 : votre mot de passe doit contenir au moins 8 caract\u00e8res dont une minuscule, une majuscule et un chiffre\"><i class=\"um-icon-help-circled\"><\/i><\/span><div class=\"um-clear\"><\/div><\/div><div class=\"um-field-area\"><input class=\"um-form-field valid \" type=\"password\" name=\"user_password-25805\" id=\"user_password-25805\" value=\"\" placeholder=\"\" data-validate=\"\" data-key=\"user_password\"  aria-invalid=\"false\" \/>\n\n\t\t\t\t\t\t\t<\/div><\/div><div  id=\"um_field_25805_confirm_user_password\" class=\"um-field um-field-password  um-field-user_password um-field-password um-field-type_password\" data-key=\"confirm_user_password\"><div class=\"um-field-label\"><label for=\"confirm_user_password-25805\">Confirmer le Mot de passe<span class=\"um-req\" title=\"Obligatoire\">*<\/span><\/label><div class=\"um-clear\"><\/div><\/div><div class=\"um-field-area\"><input class=\"um-form-field valid \" type=\"password\" name=\"confirm_user_password-25805\" id=\"confirm_user_password-25805\" value=\"\" placeholder=\"Confirmer le Mot de passe\" data-validate=\"\" data-key=\"confirm_user_password\"  aria-invalid=\"false\" \/><\/div><\/div><\/div><\/div><div class=\"um-row _um_row_2 \" style=\"margin: 0 0 30px 0;\"><div class=\"um-col-1\"><div  id=\"um_field_25805_first_name\" class=\"um-field um-field-text  um-field-first_name um-field-text um-field-type_text\" data-key=\"first_name\"><div class=\"um-field-label\"><label for=\"first_name-25805\">Pr\u00e9nom<span class=\"um-req\" title=\"Obligatoire\">*<\/span><\/label><div class=\"um-clear\"><\/div><\/div><div class=\"um-field-area\"><input  autocomplete=\"off\" class=\"um-form-field valid \" type=\"text\" name=\"first_name-25805\" id=\"first_name-25805\" value=\"\" placeholder=\"\" data-validate=\"\" data-key=\"first_name\"  aria-invalid=\"false\" \/>\n\n\t\t\t\t\t\t<\/div><\/div><div  id=\"um_field_25805_last_name\" class=\"um-field um-field-text  um-field-last_name um-field-text um-field-type_text\" data-key=\"last_name\"><div class=\"um-field-label\"><label for=\"last_name-25805\">Nom<span class=\"um-req\" title=\"Obligatoire\">*<\/span><\/label><div class=\"um-clear\"><\/div><\/div><div class=\"um-field-area\"><input  autocomplete=\"off\" class=\"um-form-field valid \" type=\"text\" name=\"last_name-25805\" id=\"last_name-25805\" value=\"\" placeholder=\"\" data-validate=\"\" data-key=\"last_name\"  aria-invalid=\"false\" \/>\n\n\t\t\t\t\t\t<\/div><\/div><div  id=\"um_field_25805_fonction_ab\" class=\"um-field um-field-text  um-field-fonction_ab um-field-text um-field-type_text\" data-key=\"fonction_ab\"><div class=\"um-field-label\"><label for=\"fonction_ab-25805\">Fonction<span class=\"um-req\" title=\"Obligatoire\">*<\/span><\/label><span class=\"um-tip um-tip-w\" title=\"Dans le cas d&#039;un abonnement perso, indiquez simplement particulier\"><i class=\"um-icon-help-circled\"><\/i><\/span><div class=\"um-clear\"><\/div><\/div><div class=\"um-field-area\"><input  autocomplete=\"off\" class=\"um-form-field valid \" type=\"text\" name=\"fonction_ab-25805\" id=\"fonction_ab-25805\" value=\"\" placeholder=\"\" data-validate=\"\" data-key=\"fonction_ab\"  aria-invalid=\"false\" \/>\n\n\t\t\t\t\t\t<\/div><\/div><div  id=\"um_field_25805_etablissement\" class=\"um-field um-field-text  um-field-etablissement um-field-text um-field-type_text\" data-key=\"etablissement\"><div class=\"um-field-label\"><label for=\"etablissement-25805\">\u00c9tablissement\/soci\u00e9t\u00e9<\/label><div class=\"um-clear\"><\/div><\/div><div class=\"um-field-area\"><input  autocomplete=\"off\" class=\"um-form-field valid \" type=\"text\" name=\"etablissement-25805\" id=\"etablissement-25805\" value=\"\" placeholder=\"\" data-validate=\"\" data-key=\"etablissement\"  aria-invalid=\"false\" \/>\n\n\t\t\t\t\t\t<\/div><\/div><div  id=\"um_field_25805_structure\" class=\"um-field um-field-select  um-is-conditional um-field-structure um-field-select um-field-type_select\" data-key=\"structure\" data-cond-0-action=\"show\" data-cond-0-field=\"etablissement\" data-cond-0-operator=\"not empty\" data-cond-0-value=\"0\"><div class=\"um-field-label\"><label for=\"structure-25805\">Type de structure<\/label><div class=\"um-clear\"><\/div><\/div><div class=\"um-field-area  \"><select data-default=\"\"     name=\"structure\" id=\"structure\" data-validate=\"\" data-key=\"structure\" class=\"um-form-field valid um-s1 \" style=\"width: 100%\" data-placeholder=\"\"   aria-invalid=\"false\" ><option value=\"\"><\/option><option value=\"h\u00f4pital\" >h\u00f4pital<\/option><option value=\"entreprise\" >entreprise<\/option><option value=\"\u00e9cole\" >\u00e9cole<\/option><option value=\"institution\" >institution<\/option><\/select><\/div><\/div><\/div><\/div><div class=\"um-row _um_row_3 \" style=\"margin: 0 0 30px 0;\"><div class=\"um-col-1\"><div  id=\"um_field_25805_code_ab\" class=\"um-field um-field-number  um-field-code_ab um-field-number um-field-type_number\" data-key=\"code_ab\"><div class=\"um-field-label\"><label for=\"code_ab-25805\">Votre code abonn\u00e9 (si connu)<\/label><span class=\"um-tip um-tip-w\" title=\"Vous pouvez vous adresser \u00e0 votre service de documentation ou votre r\u00e9f\u00e9rent abonnement pour obtenir ce num\u00e9ro\"><i class=\"um-icon-help-circled\"><\/i><\/span><div class=\"um-clear\"><\/div><\/div><div class=\"um-field-area\"><input  class=\"um-form-field valid \" type=\"number\" name=\"code_ab-25805\" id=\"code_ab-25805\" value=\"\" placeholder=\"\" data-validate=\"\" data-key=\"code_ab\"  min=\"0\"   aria-invalid=\"false\" \/>\n\n\t\t\t\t\t\t<\/div><\/div><div  class=\"um-field um-field-block  um-field-block um-field-type_block\" data-key=\"um_block_25805_15_15\"><span style=\"color: #ff0000\"><strong>Attention<\/strong><\/span> Un compte lecteur n'est pas un abonnement. Le compte lecteur est gratuit et ne vous donne acc\u00e8s qu'\u00e0 une partie du contenu en ligne Gestions hospitali\u00e8res.<\/div><\/div><\/div>\t<input type=\"hidden\" name=\"form_id\" id=\"form_id_25805\" value=\"25805\" \/>\n\t\t<p class=\"um_request_name\">\n\t\t<label for=\"um_request_25805\">Only fill in if you are not human<\/label>\n\t\t<input type=\"hidden\" name=\"um_request\" id=\"um_request_25805\" class=\"input\" value=\"\" size=\"25\" autocomplete=\"off\" \/>\n\t<\/p>\n\t<input type=\"hidden\" id=\"_wpnonce\" name=\"_wpnonce\" value=\"8632f1a331\" \/><input type=\"hidden\" name=\"_wp_http_referer\" value=\"\/gestions\/wp-json\/wp\/v2\/pages\/25813\" \/>\n<div class=\"g-recaptcha\" id=\"um-25805\" data-mode=\"register\"><\/div>\n\n\n\t<div class=\"um-col-alt\">\n\n\t\t\n\t\t\t<div class=\"um-center\">\n\t\t\t\t<input type=\"submit\" value=\"Cr\u00e9er votre compte\" class=\"um-button\" id=\"um-submit-btn\" \/>\n\t\t\t<\/div>\n\n\t\t\n\t\t<div class=\"um-clear\"><\/div>\n\n\t<\/div>\n\n\t\t\t<\/form>\n\t<\/div>\n<\/div>\n<style>\n\t\t\t.um-25805.um {\n\t\t\tmax-width: 600px;\n\t\t}\n\t\t<\/style>\n\n<script>function PlayerjsAsync(){} if(window[\"Playerjs\"]){PlayerjsAsync();}<\/script>","protected":false},"excerpt":{"rendered":"","protected":false},"author":1202,"featured_media":0,"parent":0,"menu_order":0,"comment_status":"closed","ping_status":"open","template":"","meta":{"_acf_changed":false,"_relevanssi_hide_post":"","_relevanssi_hide_content":"","_relevanssi_pin_for_all":"","_relevanssi_pin_keywords":"","_relevanssi_unpin_keywords":"","_relevanssi_related_keywords":"","_relevanssi_related_include_ids":"","_relevanssi_related_exclude_ids":"","_relevanssi_related_no_append":"","_relevanssi_related_not_related":"","_relevanssi_related_posts":"","_relevanssi_noindex_reason":"","footnotes":""},"class_list":["post-25813","page","type-page","status-publish","hentry"],"acf":[],"yoast_head":"<!-- This site is optimized with the Yoast SEO plugin v24.8.1 - https:\/\/yoast.com\/wordpress\/plugins\/seo\/ -->\n<title>Cr\u00e9ez votre compte - Gestions hospitali\u00e8res<\/title>\n<meta name=\"robots\" content=\"index, follow, max-snippet:-1, max-image-preview:large, max-video-preview:-1\" \/>\n<link rel=\"canonical\" href=\"https:\/\/www.ricom-web8.com\/gestions\/register\/\" \/>\n<meta property=\"og:locale\" content=\"fr_FR\" \/>\n<meta property=\"og:type\" content=\"article\" \/>\n<meta property=\"og:title\" content=\"Cr\u00e9ez votre compte - Gestions hospitali\u00e8res\" \/>\n<meta property=\"og:url\" content=\"https:\/\/www.ricom-web8.com\/gestions\/register\/\" \/>\n<meta property=\"og:site_name\" content=\"Gestions hospitali\u00e8res\" \/>\n<meta property=\"article:publisher\" content=\"https:\/\/www.facebook.com\/gestionshospitalieres\/\" \/>\n<meta property=\"article:modified_time\" content=\"2017-02-17T14:16:17+00:00\" \/>\n<meta name=\"twitter:card\" content=\"summary_large_image\" \/>\n<meta name=\"twitter:site\" content=\"@revue_GH\" \/>\n<script type=\"application\/ld+json\" class=\"yoast-schema-graph\">{\"@context\":\"https:\/\/schema.org\",\"@graph\":[{\"@type\":\"WebPage\",\"@id\":\"https:\/\/www.ricom-web8.com\/gestions\/register\/\",\"url\":\"https:\/\/www.ricom-web8.com\/gestions\/register\/\",\"name\":\"Cr\u00e9ez votre compte - Gestions hospitali\u00e8res\",\"isPartOf\":{\"@id\":\"https:\/\/www.ricom-web8.com\/gestions\/#website\"},\"datePublished\":\"2016-10-06T08:20:46+00:00\",\"dateModified\":\"2017-02-17T14:16:17+00:00\",\"breadcrumb\":{\"@id\":\"https:\/\/www.ricom-web8.com\/gestions\/register\/#breadcrumb\"},\"inLanguage\":\"fr-FR\",\"potentialAction\":[{\"@type\":\"ReadAction\",\"target\":[\"https:\/\/www.ricom-web8.com\/gestions\/register\/\"]}]},{\"@type\":\"BreadcrumbList\",\"@id\":\"https:\/\/www.ricom-web8.com\/gestions\/register\/#breadcrumb\",\"itemListElement\":[{\"@type\":\"ListItem\",\"position\":1,\"name\":\"Accueil\",\"item\":\"https:\/\/www.ricom-web8.com\/gestions\/\"},{\"@type\":\"ListItem\",\"position\":2,\"name\":\"Cr\u00e9ez votre compte\"}]},{\"@type\":\"WebSite\",\"@id\":\"https:\/\/www.ricom-web8.com\/gestions\/#website\",\"url\":\"https:\/\/www.ricom-web8.com\/gestions\/\",\"name\":\"Gestions hospitali\u00e8res\",\"description\":\"la revue des d\u00e9cideurs hospitaliers\",\"publisher\":{\"@id\":\"https:\/\/www.ricom-web8.com\/gestions\/#organization\"},\"potentialAction\":[{\"@type\":\"SearchAction\",\"target\":{\"@type\":\"EntryPoint\",\"urlTemplate\":\"https:\/\/www.ricom-web8.com\/gestions\/?s={search_term_string}\"},\"query-input\":{\"@type\":\"PropertyValueSpecification\",\"valueRequired\":true,\"valueName\":\"search_term_string\"}}],\"inLanguage\":\"fr-FR\"},{\"@type\":\"Organization\",\"@id\":\"https:\/\/www.ricom-web8.com\/gestions\/#organization\",\"name\":\"Gestions hospitali\u00e8res\",\"url\":\"https:\/\/www.ricom-web8.com\/gestions\/\",\"logo\":{\"@type\":\"ImageObject\",\"inLanguage\":\"fr-FR\",\"@id\":\"https:\/\/www.ricom-web8.com\/gestions\/#\/schema\/logo\/image\/\",\"url\":\"https:\/\/gestions-hospitalieres.fr\/wp-content\/uploads\/2017\/02\/picto_Gif-GH-trans.png\",\"contentUrl\":\"https:\/\/gestions-hospitalieres.fr\/wp-content\/uploads\/2017\/02\/picto_Gif-GH-trans.png\",\"width\":512,\"height\":512,\"caption\":\"Gestions hospitali\u00e8res\"},\"image\":{\"@id\":\"https:\/\/www.ricom-web8.com\/gestions\/#\/schema\/logo\/image\/\"},\"sameAs\":[\"https:\/\/www.facebook.com\/gestionshospitalieres\/\",\"https:\/\/x.com\/revue_GH\",\"https:\/\/www.linkedin.com\/company\/gestions-hospitalieres?trk=top_nav_home\"]}]}<\/script>\n<!-- \/ Yoast SEO plugin. -->","yoast_head_json":{"title":"Cr\u00e9ez votre compte - Gestions hospitali\u00e8res","robots":{"index":"index","follow":"follow","max-snippet":"max-snippet:-1","max-image-preview":"max-image-preview:large","max-video-preview":"max-video-preview:-1"},"canonical":"https:\/\/www.ricom-web8.com\/gestions\/register\/","og_locale":"fr_FR","og_type":"article","og_title":"Cr\u00e9ez votre compte - Gestions hospitali\u00e8res","og_url":"https:\/\/www.ricom-web8.com\/gestions\/register\/","og_site_name":"Gestions hospitali\u00e8res","article_publisher":"https:\/\/www.facebook.com\/gestionshospitalieres\/","article_modified_time":"2017-02-17T14:16:17+00:00","twitter_card":"summary_large_image","twitter_site":"@revue_GH","schema":{"@context":"https:\/\/schema.org","@graph":[{"@type":"WebPage","@id":"https:\/\/www.ricom-web8.com\/gestions\/register\/","url":"https:\/\/www.ricom-web8.com\/gestions\/register\/","name":"Cr\u00e9ez votre compte - Gestions hospitali\u00e8res","isPartOf":{"@id":"https:\/\/www.ricom-web8.com\/gestions\/#website"},"datePublished":"2016-10-06T08:20:46+00:00","dateModified":"2017-02-17T14:16:17+00:00","breadcrumb":{"@id":"https:\/\/www.ricom-web8.com\/gestions\/register\/#breadcrumb"},"inLanguage":"fr-FR","potentialAction":[{"@type":"ReadAction","target":["https:\/\/www.ricom-web8.com\/gestions\/register\/"]}]},{"@type":"BreadcrumbList","@id":"https:\/\/www.ricom-web8.com\/gestions\/register\/#breadcrumb","itemListElement":[{"@type":"ListItem","position":1,"name":"Accueil","item":"https:\/\/www.ricom-web8.com\/gestions\/"},{"@type":"ListItem","position":2,"name":"Cr\u00e9ez votre compte"}]},{"@type":"WebSite","@id":"https:\/\/www.ricom-web8.com\/gestions\/#website","url":"https:\/\/www.ricom-web8.com\/gestions\/","name":"Gestions hospitali\u00e8res","description":"la revue des d\u00e9cideurs hospitaliers","publisher":{"@id":"https:\/\/www.ricom-web8.com\/gestions\/#organization"},"potentialAction":[{"@type":"SearchAction","target":{"@type":"EntryPoint","urlTemplate":"https:\/\/www.ricom-web8.com\/gestions\/?s={search_term_string}"},"query-input":{"@type":"PropertyValueSpecification","valueRequired":true,"valueName":"search_term_string"}}],"inLanguage":"fr-FR"},{"@type":"Organization","@id":"https:\/\/www.ricom-web8.com\/gestions\/#organization","name":"Gestions hospitali\u00e8res","url":"https:\/\/www.ricom-web8.com\/gestions\/","logo":{"@type":"ImageObject","inLanguage":"fr-FR","@id":"https:\/\/www.ricom-web8.com\/gestions\/#\/schema\/logo\/image\/","url":"https:\/\/gestions-hospitalieres.fr\/wp-content\/uploads\/2017\/02\/picto_Gif-GH-trans.png","contentUrl":"https:\/\/gestions-hospitalieres.fr\/wp-content\/uploads\/2017\/02\/picto_Gif-GH-trans.png","width":512,"height":512,"caption":"Gestions hospitali\u00e8res"},"image":{"@id":"https:\/\/www.ricom-web8.com\/gestions\/#\/schema\/logo\/image\/"},"sameAs":["https:\/\/www.facebook.com\/gestionshospitalieres\/","https:\/\/x.com\/revue_GH","https:\/\/www.linkedin.com\/company\/gestions-hospitalieres?trk=top_nav_home"]}]}},"_links":{"self":[{"href":"https:\/\/www.ricom-web8.com\/gestions\/wp-json\/wp\/v2\/pages\/25813","targetHints":{"allow":["GET"]}}],"collection":[{"href":"https:\/\/www.ricom-web8.com\/gestions\/wp-json\/wp\/v2\/pages"}],"about":[{"href":"https:\/\/www.ricom-web8.com\/gestions\/wp-json\/wp\/v2\/types\/page"}],"author":[{"embeddable":true,"href":"https:\/\/www.ricom-web8.com\/gestions\/wp-json\/wp\/v2\/users\/1202"}],"replies":[{"embeddable":true,"href":"https:\/\/www.ricom-web8.com\/gestions\/wp-json\/wp\/v2\/comments?post=25813"}],"version-history":[{"count":0,"href":"https:\/\/www.ricom-web8.com\/gestions\/wp-json\/wp\/v2\/pages\/25813\/revisions"}],"wp:attachment":[{"href":"https:\/\/www.ricom-web8.com\/gestions\/wp-json\/wp\/v2\/media?parent=25813"}],"curies":[{"name":"wp","href":"https:\/\/api.w.org\/{rel}","templated":true}]}}