

{"id":49150,"date":"2025-01-23T11:41:10","date_gmt":"2025-01-23T10:41:10","guid":{"rendered":"https:\/\/gestions-hospitalieres.fr\/?page_id=49150"},"modified":"2025-01-23T11:43:58","modified_gmt":"2025-01-23T10:43:58","slug":"conditions-generales-de-vente","status":"publish","type":"page","link":"https:\/\/www.ricom-web8.com\/gestions\/conditions-generales-de-vente\/","title":{"rendered":"Conditions g\u00e9n\u00e9rales de vente"},"content":{"rendered":"<p>SARL Gestions hospitali\u00e8res<br \/>\nau capital de\u00a0<b>7 622,45 euros<br \/>\n<\/b>Si\u00e8ge social\u00a0: 13-17, rue de Pouy\u00a0\u2013 75013 Paris<\/p>\n<p><b>Article 1 &#8211; Pr\u00e9ambule<\/b><\/p>\n<p>Les pr\u00e9sentes conditions r\u00e9gissent les ventes par la soci\u00e9t\u00e9 Gestions hospitali\u00e8res,\u00a013-17, rue de Pouy, 75013 Paris de ses diff\u00e9rentes formules d\u2019abonnement sur son site internet\u00a0<a href=\"https:\/\/gestions-hospitalieres.fr\/\">https:\/\/gestions-hospitalieres.fr\/<\/a><\/p>\n<p class=\"Standard\">Gestions hospitali\u00e8res se r\u00e9serve la possibilit\u00e9 de modifier \u00e0 tout moment les CGV. Les nouvelles conditions g\u00e9n\u00e9rales de vente seront, le cas \u00e9ch\u00e9ant, port\u00e9es \u00e0 la connaissance du client par modification en ligne et seront applicables aux seules ventes r\u00e9alis\u00e9es post\u00e9rieurement \u00e0 la modification. Les CGV sont soumises \u00e0 la loi fran\u00e7aise. En cas de litige, les tribunaux fran\u00e7ais seront seuls comp\u00e9tents.<\/p>\n<p>Le contenu du site Gestions hospitali\u00e8res est consultable par les internautes dans le cadre d\u2019un usage strictement personnel, priv\u00e9 et non collectif, librement pour le contenu gratuit, en contrepartie d\u2019un abonnement pour le contenu ferm\u00e9. Toute commercialisation de ce contenu aupr\u00e8s de tiers est interdite, sauf accord expr\u00e8s de Gestions hospitali\u00e8res.<\/p>\n<p><b>Article 2 &#8211; Abonnements<\/b><\/p>\n<p class=\"Standard\">Le site Gestions hospitali\u00e8res propose \u00e0 ses abonn\u00e9s plusieurs offres d\u2019abonnement en ligne qui sont d\u00e9taill\u00e9es sur notre site et notre boutique en ligne.<\/p>\n<p class=\"Standard\">Les prix de ces diff\u00e9rents abonnements sont indiqu\u00e9s en euros toutes taxes comprises (TVA et autres taxes applicables au jour de la commande).<\/p>\n<p>La soci\u00e9t\u00e9 Gestions hospitali\u00e8res se r\u00e9serve le droit de modifier ses prix \u00e0 tout moment, mais le produit sera factur\u00e9 sur la base du tarif en vigueur au moment de la validation de la commande et sous r\u00e9serve de disponibilit\u00e9.<\/p>\n<p>Nos offres d\u2019abonnements :<\/p>\n<ul>\n<li>Abonnement papier<\/li>\n<\/ul>\n<p>\u00b7 Votre revue Gestions hospitali\u00e8res livr\u00e9e directement chez vous tous les mois<\/p>\n<ul>\n<li>Abonnement particulier papier + web<\/li>\n<\/ul>\n<p>\u00b7 Votre revue Gestions hospitali\u00e8res livr\u00e9e directement chez vous tous les mois<br \/>\n\u00b7 Acc\u00e8s \u00e0 l\u2019int\u00e9gralit\u00e9 des contenus du site Gestions hospitali\u00e8res valable pour 1 personne<br \/>\ncet acc\u00e8s est cal\u00e9 sur le rythme de parution des revues papiers<\/p>\n<ul>\n<li>Abonnement \u00e9tablissement papier + web<\/li>\n<\/ul>\n<p>\u00b7 Votre revue Gestions hospitali\u00e8res livr\u00e9e directement \u00e0 votre \u00e9tablissement tous les mois<br \/>\n\u00b7 Acc\u00e8s \u00e0 l\u2019int\u00e9gralit\u00e9 des contenus du site Gestions hospitali\u00e8res valable pour 5 personnes (pour ajouter des lecteurs suppl\u00e9mentaires, contacter notre service abonnement).<br \/>\ncet acc\u00e8s est cal\u00e9 sur le rythme de parution des revues papiers<\/p>\n<p>Selon le profil du client (particulier ou \u00e9tablissement), diff\u00e9rents tarifs sont possibles. Tous les abonnements d\u00e9crits sont valables et applicables pour 1 an renouvelable.<\/p>\n<p>D\u2019autres offres sont disponibles sur notre boutique en ligne.<\/p>\n<p><b>Article 3 &#8211; Commandes<\/b><\/p>\n<p>Vous pouvez passer commande :<br \/>\nSur Internet :\u00a0<a href=\"https:\/\/gestions-hospitalieres.fr\/\">https:\/\/www.gestions-hospitalieres.fr<\/a><\/p>\n<p>Par courrier\u00a0: envoyer le bon de commande d\u00fbment compl\u00e9t\u00e9 \u00e0 l\u2019adresse suivante\u00a0:<br \/>\nGestions hospitali\u00e8res<br \/>\n13-17, rue de Pouy\u00a0\u2013 75013 Paris<\/p>\n<p>L\u2019acc\u00e8s \u00e0 la boutique et aux offres Gestions hospitali\u00e8res est conditionn\u00e9 par l\u2019identification du visiteur sur le site Gestions hospitali\u00e8res. Pour cela, le visiteur est tenu de remplir un formulaire en ligne o\u00f9 il renseigne ses adresse mail, nom, pr\u00e9nom, fonction. Il doit associer \u00e0 ce compte un mot de passe personnel. La gestion d\u2019une liste d\u2019abonnement ainsi que celle d\u2019une liste de profils lecteur fait l\u2019objet d\u2019une autorisation de la CNIL\u00a0:\u00a0<b>2038050<\/b><\/p>\n<p>Les informations contractuelles sont pr\u00e9sent\u00e9es en langue fran\u00e7aise et feront l&#8217;objet d&#8217;une confirmation au plus tard au moment de la validation de votre commande.<\/p>\n<p>La soci\u00e9t\u00e9 Gestions hospitali\u00e8res se r\u00e9serve le droit de ne pas enregistrer un paiement, et de ne pas confirmer une commande pour quelque raison que ce soit, et plus particuli\u00e8rement en cas de probl\u00e8me d&#8217;approvisionnement, ou en cas de difficult\u00e9 concernant la commande re\u00e7ue.<\/p>\n<p><b>Article 4 &#8211; Validation de votre commande<\/b><\/p>\n<p>Toute commande figurant sur le site Gestions hospitali\u00e8res suppose l&#8217;adh\u00e9sion aux pr\u00e9sentes Conditions G\u00e9n\u00e9rales. Toute confirmation de commande entra\u00eene votre adh\u00e9sion pleine et enti\u00e8re aux pr\u00e9sentes conditions g\u00e9n\u00e9rales de vente, sans exception ni r\u00e9serve.<\/p>\n<p>L&#8217;ensemble des donn\u00e9es fournies et la confirmation enregistr\u00e9e vaudront preuve de la transaction.<\/p>\n<p>Vous d\u00e9clarez en avoir parfaite connaissance.<\/p>\n<p>La confirmation de commande vaudra signature et acceptation des op\u00e9rations effectu\u00e9es.<\/p>\n<p>Un r\u00e9capitulatif des informations de votre commande et des pr\u00e9sentes Conditions G\u00e9n\u00e9rales, vous sera communiqu\u00e9 via l&#8217;adresse e-mail de confirmation de votre commande.<\/p>\n<p><b>Article 5 &#8211; Paiement<\/b><\/p>\n<p class=\"Standard\">Le fait de valider votre commande implique pour vous l&#8217;obligation de payer le prix indiqu\u00e9. Le client reconna\u00eet devoir payer l&#8217;int\u00e9gralit\u00e9 du prix et des charges aff\u00e9rentes au produit achet\u00e9, y compris les taxes.<\/p>\n<p>Le r\u00e8glement de vos achats sur la boutique en ligne s&#8217;effectue par carte bancaire gr\u00e2ce au syst\u00e8me s\u00e9curis\u00e9 Paybox.<\/p>\n<p><b>Article 6 &#8211; R\u00e9tractation<\/b><\/p>\n<p class=\"Standard\">Conform\u00e9ment aux articles L121-21 et suivants du code de la consommation, vous disposez d\u2019un droit de r\u00e9tractation qui vous autorise \u00e0 annuler votre commande pass\u00e9e sur Internet. Vous pouvez exercer ce droit de r\u00e9tractation dans un d\u00e9lai de 14 (quatorze) jours francs, \u00e0 compter de la date de l\u2019enregistrement de votre commande. Si ce d\u00e9lai expire normalement un samedi, un dimanche ou un jour f\u00e9ri\u00e9 ou ch\u00f4m\u00e9, il est prorog\u00e9 jusqu&#8217;au premier jour ouvrable suivant.<\/p>\n<p>En cas d&#8217;exercice du droit de r\u00e9tractation, la soci\u00e9t\u00e9 Gestions hospitali\u00e8res proc\u00e9dera au remboursement des sommes vers\u00e9es, dans un d\u00e9lai de 14 jours suivant la notification de votre demande et via le m\u00eame moyen de paiement que celui utilis\u00e9 lors de la commande.<\/p>\n<p class=\"Standard\"><b>Article 7 \u2013 Propri\u00e9t\u00e9 intellectuelle<\/b><b>\u00a0<\/b><\/p>\n<p class=\"Standard\">Tous les contenus (textes, images, photographies, infographies, diaporamas, vid\u00e9os\u2026) mis \u00e0 disposition sur le site Gestions hospitali\u00e8res sont prot\u00e9g\u00e9s au titre des droits de la propri\u00e9t\u00e9 intellectuelle, et ce pour le monde entier. La souscription d\u2019un abonnement n\u2019entra\u00eene le transfert d&#8217;aucun de ces droits de propri\u00e9t\u00e9 intellectuelle au profit de l\u2019utilisateur quel qu&#8217;il soit. Seule est autoris\u00e9e l&#8217;utilisation pour un usage priv\u00e9 et non collectif dans les conditions vis\u00e9es \u00e0 l\u2019article 2 des pr\u00e9sentes Conditions g\u00e9n\u00e9rales.<\/p>\n<p class=\"Standard\">En cons\u00e9quence, l\u2019utilisateur s&#8217;interdit 1) de reproduire et\/ou d&#8217;utiliser les marques et logos pr\u00e9sents sur le site ; 2) de copier, modifier, traduire, reproduire, diffuser, vendre, publier, exploiter de toute autre mani\u00e8re et diffuser dans un autre format sous forme \u00e9lectronique ou autre tout ou partie des contenus (m\u00eame partiellement) pr\u00e9sents sur le site ; 3) de diffuser au sein de son entreprise ou \u00e0 un tiers quel qu&#8217;il soit une revue et\/ou un panorama de presse int\u00e9grant tout ou partie des informations pr\u00e9sentes sur le site ; 4) de c\u00e9der un droit quelconque sur tout ou partie d\u2019un contenu du site Gestions hospitali\u00e8res \u00e0 un tiers.<\/p>\n<p class=\"Standard\">La reproduction d&#8217;un ou de plusieurs des contenus et services pr\u00e9sents sur le site de Gestions hospitali\u00e8res, dans leur int\u00e9gralit\u00e9 ou non, est soumise \u00e0 une autorisation pr\u00e9alable et expresse de la soci\u00e9t\u00e9 Gestions hospitali\u00e8res.<\/p>\n<p class=\"Standard\">La violation de ces dispositions imp\u00e9ratives est constitutive d\u2019une contrefa\u00e7on et soumet le contrevenant, et toute personne responsable, aux peines p\u00e9nales et civiles pr\u00e9vues par la loi.<\/p>\n<p><b>Article 8 &#8211; Responsabilit\u00e9<\/b><\/p>\n<p>La responsabilit\u00e9 de la soci\u00e9t\u00e9 Gestions hospitali\u00e8res ne saurait \u00eatre engag\u00e9e pour tous les inconv\u00e9nients ou dommages inh\u00e9rents \u00e0 l&#8217;utilisation du r\u00e9seau Internet, notamment une rupture de service, une intrusion ext\u00e9rieure ou la pr\u00e9sence de virus informatiques.<\/p>\n<p><b>Article 9 \u2013 Protection des donn\u00e9es personnelles<\/b><\/p>\n<p class=\"Standard\">Gestions hospitali\u00e8res s&#8217;engage \u00e0 ce que toutes les informations personnelles concernant le client contenues dans le formulaire de souscription d\u2019abonnement soient consid\u00e9r\u00e9es comme des informations confidentielles et ne soient utilis\u00e9es qu&#8217;\u00e0 des fins de transaction et, le cas \u00e9ch\u00e9ant, \u00e0 des fins d&#8217;information sur l&#8217;offre souscrite ou sur le produit qui en est l&#8217;objet. Ces informations feront l&#8217;objet d&#8217;un traitement automatis\u00e9.<\/p>\n<p class=\"Standard\">Conform\u00e9ment \u00e0 la loi informatique et libert\u00e9s du 6 janvier 1978, le client dispose d&#8217;un droit d&#8217;acc\u00e8s, de rectification et d&#8217;opposition aux donn\u00e9es personnelles le concernant.<\/p>\n<p class=\"Standard\">Conform\u00e9ment \u00e0 la r\u00e9glementation RGDP, mise en application \u00e0 partir du 25 mai 2018, ce droit d&#8217;acc\u00e8s, de rectification et d&#8217;opposition s\u2019\u00e9tend \u00e9galement au droit de solliciter une limitation du traitement et au droit \u00e0 la portabilit\u00e9 des donn\u00e9es. Gestions hospitali\u00e8res s\u2019engage \u00e0 garantir la protection des donn\u00e9es recueillies et h\u00e9berg\u00e9es sur sa boutique. Gestions hospitali\u00e8res s\u2019engage \u00e9galement \u00e0 ne transmettre sous aucun pr\u00e9texte et en aucune circonstance les donn\u00e9es des utilisateurs de sa boutique en ligne.<\/p>\n<p>Pour toute question ou r\u00e9clamation relative \u00e0 la protection et la gestion de ses donn\u00e9es personnelles, le client peut contacter Gestions hospitali\u00e8res par le biais du\u00a0<a href=\"https:\/\/gestionshospitalieres.aboshop.fr\/#\/common\/contact\">formulaire de contact<\/a>\u00a0mis \u00e0 disposition sur la boutique en ligne.<\/p>\n<p><b>Article 10 \u2013 Information, r\u00e9clamations et m\u00e9diation<\/b><\/p>\n<p>Pour toute information, question ou conseil, le service abonnement peut \u00eatre contact\u00e9\u00a0:<\/p>\n<ul>\n<li>Par mail\u00a0:\u00a0<a href=\"mailto:abonnement@gestions-hospitalieres.fr\">abonnement@gestions-hospitalieres.fr<\/a><\/li>\n<li>Par t\u00e9l\u00e9phone\u00a0: 01 45 73 69 25<\/li>\n<li>Par courrier\u00a0: 13-17, rue de Pouy\u00a0\u2013 75013 Paris<\/li>\n<\/ul>\n<script>function PlayerjsAsync(){} if(window[\"Playerjs\"]){PlayerjsAsync();}<\/script>","protected":false},"excerpt":{"rendered":"<p>SARL Gestions hospitali\u00e8res au capital de\u00a07 622,45 euros Si\u00e8ge social\u00a0: 13-17, rue de Pouy\u00a0\u2013 75013 Paris Article 1 &#8211; Pr\u00e9ambule Les pr\u00e9sentes conditions r\u00e9gissent les ventes par la soci\u00e9t\u00e9 Gestions hospitali\u00e8res,\u00a013-17, rue de Pouy, 75013 Paris de ses diff\u00e9rentes formules d\u2019abonnement sur son site internet\u00a0https:\/\/gestions-hospitalieres.fr\/ Gestions hospitali\u00e8res se r\u00e9serve la possibilit\u00e9 de modifier \u00e0 tout moment les CGV. Les nouvelles conditions g\u00e9n\u00e9rales de vente seront, le cas \u00e9ch\u00e9ant, port\u00e9es \u00e0&hellip; <\/p>\n","protected":false},"author":12321,"featured_media":0,"parent":0,"menu_order":0,"comment_status":"closed","ping_status":"closed","template":"","meta":{"_acf_changed":false,"_relevanssi_hide_post":"","_relevanssi_hide_content":"","_relevanssi_pin_for_all":"","_relevanssi_pin_keywords":"","_relevanssi_unpin_keywords":"","_relevanssi_related_keywords":"","_relevanssi_related_include_ids":"","_relevanssi_related_exclude_ids":"","_relevanssi_related_no_append":"","_relevanssi_related_not_related":"","_relevanssi_related_posts":"","_relevanssi_noindex_reason":"","footnotes":""},"class_list":["post-49150","page","type-page","status-publish","hentry"],"acf":[],"yoast_head":"<!-- This site is optimized with the Yoast SEO plugin v24.8.1 - https:\/\/yoast.com\/wordpress\/plugins\/seo\/ -->\n<title>Conditions g\u00e9n\u00e9rales de vente - Gestions hospitali\u00e8res<\/title>\n<meta name=\"robots\" content=\"index, follow, max-snippet:-1, max-image-preview:large, max-video-preview:-1\" \/>\n<link rel=\"canonical\" href=\"https:\/\/www.ricom-web8.com\/gestions\/conditions-generales-de-vente\/\" \/>\n<meta property=\"og:locale\" content=\"fr_FR\" \/>\n<meta property=\"og:type\" content=\"article\" \/>\n<meta property=\"og:title\" content=\"Conditions g\u00e9n\u00e9rales de vente - Gestions hospitali\u00e8res\" \/>\n<meta property=\"og:description\" content=\"SARL Gestions hospitali\u00e8res au capital de\u00a07 622,45 euros Si\u00e8ge social\u00a0: 13-17, rue de Pouy\u00a0\u2013 75013 Paris Article 1 &#8211; Pr\u00e9ambule Les pr\u00e9sentes conditions r\u00e9gissent les ventes par la soci\u00e9t\u00e9 Gestions hospitali\u00e8res,\u00a013-17, rue de Pouy, 75013 Paris de ses diff\u00e9rentes formules d\u2019abonnement sur son site internet\u00a0https:\/\/gestions-hospitalieres.fr\/ Gestions hospitali\u00e8res se r\u00e9serve la possibilit\u00e9 de modifier \u00e0 tout moment les CGV. Les nouvelles conditions g\u00e9n\u00e9rales de vente seront, le cas \u00e9ch\u00e9ant, port\u00e9es \u00e0&hellip;\" \/>\n<meta property=\"og:url\" content=\"https:\/\/www.ricom-web8.com\/gestions\/conditions-generales-de-vente\/\" \/>\n<meta property=\"og:site_name\" content=\"Gestions hospitali\u00e8res\" \/>\n<meta property=\"article:publisher\" content=\"https:\/\/www.facebook.com\/gestionshospitalieres\/\" \/>\n<meta property=\"article:modified_time\" content=\"2025-01-23T10:43:58+00:00\" \/>\n<meta name=\"twitter:card\" content=\"summary_large_image\" \/>\n<meta name=\"twitter:site\" content=\"@revue_GH\" \/>\n<meta name=\"twitter:label1\" content=\"Dur\u00e9e de lecture estim\u00e9e\" \/>\n\t<meta name=\"twitter:data1\" content=\"7 minutes\" \/>\n<script type=\"application\/ld+json\" class=\"yoast-schema-graph\">{\"@context\":\"https:\/\/schema.org\",\"@graph\":[{\"@type\":\"WebPage\",\"@id\":\"https:\/\/www.ricom-web8.com\/gestions\/conditions-generales-de-vente\/\",\"url\":\"https:\/\/www.ricom-web8.com\/gestions\/conditions-generales-de-vente\/\",\"name\":\"Conditions g\u00e9n\u00e9rales de vente - Gestions hospitali\u00e8res\",\"isPartOf\":{\"@id\":\"https:\/\/www.ricom-web8.com\/gestions\/#website\"},\"datePublished\":\"2025-01-23T10:41:10+00:00\",\"dateModified\":\"2025-01-23T10:43:58+00:00\",\"breadcrumb\":{\"@id\":\"https:\/\/www.ricom-web8.com\/gestions\/conditions-generales-de-vente\/#breadcrumb\"},\"inLanguage\":\"fr-FR\",\"potentialAction\":[{\"@type\":\"ReadAction\",\"target\":[\"https:\/\/www.ricom-web8.com\/gestions\/conditions-generales-de-vente\/\"]}]},{\"@type\":\"BreadcrumbList\",\"@id\":\"https:\/\/www.ricom-web8.com\/gestions\/conditions-generales-de-vente\/#breadcrumb\",\"itemListElement\":[{\"@type\":\"ListItem\",\"position\":1,\"name\":\"Accueil\",\"item\":\"https:\/\/www.ricom-web8.com\/gestions\/\"},{\"@type\":\"ListItem\",\"position\":2,\"name\":\"Conditions g\u00e9n\u00e9rales de vente\"}]},{\"@type\":\"WebSite\",\"@id\":\"https:\/\/www.ricom-web8.com\/gestions\/#website\",\"url\":\"https:\/\/www.ricom-web8.com\/gestions\/\",\"name\":\"Gestions hospitali\u00e8res\",\"description\":\"la revue des d\u00e9cideurs hospitaliers\",\"publisher\":{\"@id\":\"https:\/\/www.ricom-web8.com\/gestions\/#organization\"},\"potentialAction\":[{\"@type\":\"SearchAction\",\"target\":{\"@type\":\"EntryPoint\",\"urlTemplate\":\"https:\/\/www.ricom-web8.com\/gestions\/?s={search_term_string}\"},\"query-input\":{\"@type\":\"PropertyValueSpecification\",\"valueRequired\":true,\"valueName\":\"search_term_string\"}}],\"inLanguage\":\"fr-FR\"},{\"@type\":\"Organization\",\"@id\":\"https:\/\/www.ricom-web8.com\/gestions\/#organization\",\"name\":\"Gestions hospitali\u00e8res\",\"url\":\"https:\/\/www.ricom-web8.com\/gestions\/\",\"logo\":{\"@type\":\"ImageObject\",\"inLanguage\":\"fr-FR\",\"@id\":\"https:\/\/www.ricom-web8.com\/gestions\/#\/schema\/logo\/image\/\",\"url\":\"https:\/\/gestions-hospitalieres.fr\/wp-content\/uploads\/2017\/02\/picto_Gif-GH-trans.png\",\"contentUrl\":\"https:\/\/gestions-hospitalieres.fr\/wp-content\/uploads\/2017\/02\/picto_Gif-GH-trans.png\",\"width\":512,\"height\":512,\"caption\":\"Gestions hospitali\u00e8res\"},\"image\":{\"@id\":\"https:\/\/www.ricom-web8.com\/gestions\/#\/schema\/logo\/image\/\"},\"sameAs\":[\"https:\/\/www.facebook.com\/gestionshospitalieres\/\",\"https:\/\/x.com\/revue_GH\",\"https:\/\/www.linkedin.com\/company\/gestions-hospitalieres?trk=top_nav_home\"]}]}<\/script>\n<!-- \/ Yoast SEO plugin. -->","yoast_head_json":{"title":"Conditions g\u00e9n\u00e9rales de vente - Gestions hospitali\u00e8res","robots":{"index":"index","follow":"follow","max-snippet":"max-snippet:-1","max-image-preview":"max-image-preview:large","max-video-preview":"max-video-preview:-1"},"canonical":"https:\/\/www.ricom-web8.com\/gestions\/conditions-generales-de-vente\/","og_locale":"fr_FR","og_type":"article","og_title":"Conditions g\u00e9n\u00e9rales de vente - Gestions hospitali\u00e8res","og_description":"SARL Gestions hospitali\u00e8res au capital de\u00a07 622,45 euros Si\u00e8ge social\u00a0: 13-17, rue de Pouy\u00a0\u2013 75013 Paris Article 1 &#8211; Pr\u00e9ambule Les pr\u00e9sentes conditions r\u00e9gissent les ventes par la soci\u00e9t\u00e9 Gestions hospitali\u00e8res,\u00a013-17, rue de Pouy, 75013 Paris de ses diff\u00e9rentes formules d\u2019abonnement sur son site internet\u00a0https:\/\/gestions-hospitalieres.fr\/ Gestions hospitali\u00e8res se r\u00e9serve la possibilit\u00e9 de modifier \u00e0 tout moment les CGV. Les nouvelles conditions g\u00e9n\u00e9rales de vente seront, le cas \u00e9ch\u00e9ant, port\u00e9es \u00e0&hellip;","og_url":"https:\/\/www.ricom-web8.com\/gestions\/conditions-generales-de-vente\/","og_site_name":"Gestions hospitali\u00e8res","article_publisher":"https:\/\/www.facebook.com\/gestionshospitalieres\/","article_modified_time":"2025-01-23T10:43:58+00:00","twitter_card":"summary_large_image","twitter_site":"@revue_GH","twitter_misc":{"Dur\u00e9e de lecture estim\u00e9e":"7 minutes"},"schema":{"@context":"https:\/\/schema.org","@graph":[{"@type":"WebPage","@id":"https:\/\/www.ricom-web8.com\/gestions\/conditions-generales-de-vente\/","url":"https:\/\/www.ricom-web8.com\/gestions\/conditions-generales-de-vente\/","name":"Conditions g\u00e9n\u00e9rales de vente - Gestions hospitali\u00e8res","isPartOf":{"@id":"https:\/\/www.ricom-web8.com\/gestions\/#website"},"datePublished":"2025-01-23T10:41:10+00:00","dateModified":"2025-01-23T10:43:58+00:00","breadcrumb":{"@id":"https:\/\/www.ricom-web8.com\/gestions\/conditions-generales-de-vente\/#breadcrumb"},"inLanguage":"fr-FR","potentialAction":[{"@type":"ReadAction","target":["https:\/\/www.ricom-web8.com\/gestions\/conditions-generales-de-vente\/"]}]},{"@type":"BreadcrumbList","@id":"https:\/\/www.ricom-web8.com\/gestions\/conditions-generales-de-vente\/#breadcrumb","itemListElement":[{"@type":"ListItem","position":1,"name":"Accueil","item":"https:\/\/www.ricom-web8.com\/gestions\/"},{"@type":"ListItem","position":2,"name":"Conditions g\u00e9n\u00e9rales de vente"}]},{"@type":"WebSite","@id":"https:\/\/www.ricom-web8.com\/gestions\/#website","url":"https:\/\/www.ricom-web8.com\/gestions\/","name":"Gestions hospitali\u00e8res","description":"la revue des d\u00e9cideurs hospitaliers","publisher":{"@id":"https:\/\/www.ricom-web8.com\/gestions\/#organization"},"potentialAction":[{"@type":"SearchAction","target":{"@type":"EntryPoint","urlTemplate":"https:\/\/www.ricom-web8.com\/gestions\/?s={search_term_string}"},"query-input":{"@type":"PropertyValueSpecification","valueRequired":true,"valueName":"search_term_string"}}],"inLanguage":"fr-FR"},{"@type":"Organization","@id":"https:\/\/www.ricom-web8.com\/gestions\/#organization","name":"Gestions hospitali\u00e8res","url":"https:\/\/www.ricom-web8.com\/gestions\/","logo":{"@type":"ImageObject","inLanguage":"fr-FR","@id":"https:\/\/www.ricom-web8.com\/gestions\/#\/schema\/logo\/image\/","url":"https:\/\/gestions-hospitalieres.fr\/wp-content\/uploads\/2017\/02\/picto_Gif-GH-trans.png","contentUrl":"https:\/\/gestions-hospitalieres.fr\/wp-content\/uploads\/2017\/02\/picto_Gif-GH-trans.png","width":512,"height":512,"caption":"Gestions hospitali\u00e8res"},"image":{"@id":"https:\/\/www.ricom-web8.com\/gestions\/#\/schema\/logo\/image\/"},"sameAs":["https:\/\/www.facebook.com\/gestionshospitalieres\/","https:\/\/x.com\/revue_GH","https:\/\/www.linkedin.com\/company\/gestions-hospitalieres?trk=top_nav_home"]}]}},"_links":{"self":[{"href":"https:\/\/www.ricom-web8.com\/gestions\/wp-json\/wp\/v2\/pages\/49150","targetHints":{"allow":["GET"]}}],"collection":[{"href":"https:\/\/www.ricom-web8.com\/gestions\/wp-json\/wp\/v2\/pages"}],"about":[{"href":"https:\/\/www.ricom-web8.com\/gestions\/wp-json\/wp\/v2\/types\/page"}],"author":[{"embeddable":true,"href":"https:\/\/www.ricom-web8.com\/gestions\/wp-json\/wp\/v2\/users\/12321"}],"replies":[{"embeddable":true,"href":"https:\/\/www.ricom-web8.com\/gestions\/wp-json\/wp\/v2\/comments?post=49150"}],"version-history":[{"count":2,"href":"https:\/\/www.ricom-web8.com\/gestions\/wp-json\/wp\/v2\/pages\/49150\/revisions"}],"predecessor-version":[{"id":49153,"href":"https:\/\/www.ricom-web8.com\/gestions\/wp-json\/wp\/v2\/pages\/49150\/revisions\/49153"}],"wp:attachment":[{"href":"https:\/\/www.ricom-web8.com\/gestions\/wp-json\/wp\/v2\/media?parent=49150"}],"curies":[{"name":"wp","href":"https:\/\/api.w.org\/{rel}","templated":true}]}}